{"id":1051,"date":"2018-01-12T20:34:16","date_gmt":"2018-01-12T19:34:16","guid":{"rendered":"http:\/\/parafiabobrowniki.\u200blowicz.\u200bpl\/?page_id=1051"},"modified":"2018-08-06T10:49:05","modified_gmt":"2018-08-06T08:49:05","slug":"kolo-zywego-rozanca","status":"publish","type":"page","link":"https:\/\/parafiabobrowniki.\u200blowicz.\u200bpl\/?page_id=1051","title":{"rendered":"Ko\u0142o \u017bywego R\u00f3\u017ca\u0144ca"},"content":{"rendered":"<p>Na sakramencie chrztu opiera si\u0119 nasza wiara. Pro\u015bmy Boga, aby\u015bmy ka\u017cdego dnia mogli do\u015bwiadcza\u0107 tej \u0142aski, kt\u00f3r\u0105 otrzymali\u015bmy na chrzcie &#8211; m\u00f3wi\u0142 Papie\u017c na audiencji og\u00f3lnej. Od minionej \u015brody Papie\u017c rozpocz\u0105\u0142 nowy cykl katechez, po\u015bwi\u0119cony sakramentom. &#8222;Poj\u0119cie &#8222;sakrament&#8221; odsy\u0142a do pewnego wydarzenia \u0142aski, w kt\u00f3rym B\u00f3g uobecnia si\u0119 i dzia\u0142a w naszym \u017cyciu. Przed\u0142u\u017ca ono w dziejach zbawcze i o\u017cywiaj\u0105ce dzia\u0142anie Chrystusa, kt\u00f3ry moc\u0105 Ducha \u015awi\u0119tego nieustannie rodzi na nowo wsp\u00f3lnot\u0119 chrze\u015bcija\u0144sk\u0105 w \u015bwiecie i posy\u0142a j\u0105, by nios\u0142a wszystkim zbawienie s\u0142owem i czynem, przez przepowiadanie i sakramenty. <strong>Chrzest jest sakramentem, na kt\u00f3rym budowana jest nasza wiara i kt\u00f3ry wszczepia nas jako \u017cywe cz\u0142onki w Chrystusa i w Jego Ko\u015bci\u00f3\u0142. Jest to akt, kt\u00f3ry dog\u0142\u0119bnie dotyka naszego istnienia. Jeste\u015bmy zanurzeni w tym niewyczerpanym \u017ar\u00f3dle \u017cycia, jakim jest \u015bmier\u0107 Jezusa, b\u0119d\u0105ca najwi\u0119kszym aktem mi\u0142o\u015bci w ca\u0142ej historii. Dzi\u0119ki tej mi\u0142o\u015bci mo\u017cemy \u017cy\u0107 nowym \u017cyciem, nie we w\u0142adzy z\u0142a, grzechu i \u015bmierci, ale w komunii z Bogiem i z bra\u0107mi&#8221;.<\/strong><\/p>\n<p>Franciszek po raz kolejny zach\u0119ci\u0142, <strong>by pozna\u0107 dat\u0119 swego chrztu i obchodzi\u0107 jego rocznic\u0119<\/strong>. Tym bardziej, \u017ce dzisiaj lekcewa\u017cy si\u0119 niekiedy znaczenie tego sakramentu. Widzi si\u0119 w nim jedynie formalny obrz\u0119d nadania dziecku imienia. \u015aw. Pawe\u0142 naucza nas jednak, \u017ce chrzest to zanurzenie w \u015bmierci Chrystusa, aby\u015bmy tak jak On mogli \u017cy\u0107 w chwale &#8211; przypomnia\u0142 Franciszek.<\/p>\n<p>&#8222;A zatem nie jest to formalno\u015b\u0107 &#8211; m\u00f3wi\u0142 Papie\u017c. &#8211; Jest to akt, kt\u00f3ry do g\u0142\u0119bi dotyka naszego istnienia. Dziecko ochrzczone i dziecko nieochrzczone to nie to samo. Cz\u0142owiek ochrzczony nie jest tym samym, co cz\u0142owiek nieochrzczony. Temu, kto nie zna daty w\u0142asnego chrztu, grozi, \u017ce zapomni o tym, co Pan B\u00f3g w nas uczyni\u0142, zapomni o darze, kt\u00f3ry otrzymali\u015bmy. A wtedy chrzest stanie si\u0119 dla nas jakim\u015b wydarzeniem, kt\u00f3re mia\u0142o miejsce w przesz\u0142o\u015bci, bez naszego udzia\u0142u, z woli naszych rodzic\u00f3w, i nie ma \u017cadnego wp\u0142ywu na chwil\u0119 obecn\u0105. Je\u015bli udaje si\u0119 nam i\u015b\u0107 za Jezusem i pozosta\u0107 w Ko\u015bciele, pomimo naszych ogranicze\u0144, krucho\u015bci i grzech\u00f3w, to jest to zas\u0142ug\u0105 tego sakramentu, w kt\u00f3rym stali\u015bmy si\u0119 nowym stworzeniem i zostali\u015bmy przyobleczeni w Chrystusa. Chrzest daje nam now\u0105 nadziej\u0119, nadziej\u0119 kroczenia drog\u0105 zbawienia przez ca\u0142e \u017cycie. A tej nadziei nic i nikt nie mo\u017ce ugasi\u0107, bo ta nadzieja nie zawodzi. Zapami\u0119tajcie to sobie, bo to prawda. Nadzieja z\u0142o\u017cona w Bogu nigdy nie zawodzi&#8221;.<\/p>\n<p>Franciszek zauwa\u017cy\u0142, \u017ce nikt nie mo\u017ce si\u0119 ochrzci\u0107 sam. Chrzest zawsze jest darem, aktem braterstwa i w\u0142\u0105czenia do Ko\u015bcio\u0142a. Sakrament ten otwiera te\u017c nasze oczy na innych. Pozwala nam rozpozna\u0107 Jezusa w obliczu potrzebuj\u0105cych i cierpi\u0105cych &#8211; powiedzia\u0142 Ojciec \u015awi\u0119ty.<\/p>\n<p><strong>Historia R\u00f3\u017ca\u0144ca \u015awi\u0119tego<\/strong><br \/>\nZa Ojca R\u00f3\u017ca\u0144ca \u015awi\u0119tego uwa\u017ca si\u0119 \u015bw. Dominika, kt\u00f3remu mia\u0142a si\u0119 objawi\u0107 Matka Naj\u015bwi\u0119tsza i prosi\u0142a o rozpowszechnianie tej modlitwy na ca\u0142ym \u015bwiecie. Nie by\u0142 to jednak R\u00f3\u017caniec w dzisiejszej formie. \u015aw. Dominik odmawia\u0142 150 &#8222;Zdrowa\u015b Maryjo&#8221; i 15 &#8222;Ojcze Nasz&#8221;.<br \/>\nW \u015bredniowieczu modlitwy by\u0142y zanoszone do Boga traktowane by\u0142y jako duchowe kwiaty. St\u0105d modlitw\u0119 t\u0119 nazywano wie\u0144cem z r\u00f3\u017c, czyli r\u00f3\u017ca\u0144cem.<br \/>\nW XV wieku dominikanin Alamus a la Roche ustali\u0142 modlitw\u0119 r\u00f3\u017ca\u0144cow\u0105 na wz\u00f3r 150 psalm\u00f3w, kt\u00f3re podzieli\u0142 na dziesi\u0105tki poprzeplatane modlitw\u0105 &#8222;Ojcze Nasz&#8221;.<br \/>\nModlitwa ta zosta\u0142a szybko zatwierdzona przez papie\u017ca.<br \/>\n\u015aw. Piusa V 17 wrze\u015bnia 1569r. i traktowana jako or\u0119\u017c przeciw wrogom wiary.<br \/>\nW XVI wieku muzu\u0142manie chcieli si\u0142\u0105 zaj\u0105\u0107 Europ\u0119. Wtedy papie\u017c Pius V, dominikanin wezwa\u0142 wszystkich katolik\u00f3w do odmawiania modlitwy r\u00f3\u017ca\u0144cowej. 7 pa\u017adziernika 1571r. w okolicach Lepanto star\u0142a si\u0119 flota chrze\u015bcija\u0144ska i turecka. Zwyci\u0119stwo odnie\u015bli chrze\u015bcijanie. Pius V, \u015bwiadom, komu zawdzi\u0119cza ocalenie Europy, uczyni\u0142 dzie\u0144 7 pa\u017adziernika \u015bwi\u0119tem Matki Bo\u017cej R\u00f3\u017ca\u0144cowej.<br \/>\nDo rozpropagowania R\u00f3\u017ca\u0144ca przyczyni\u0142a si\u0119 te\u017c sama Maryja. W swoich objawieniach w Lourdes, Fatimie i polskim Gietrzwa\u0142dzie wzywa\u0142a do modlitwy r\u00f3\u017ca\u0144cowej.<br \/>\nB\u0142ogos\u0142awiony Ojciec \u015bwi\u0119ty Jan Pawe\u0142 II rozszerzy\u0142 R\u00f3\u017caniec \u015awi\u0119ty o &#8222;Tajemnice \u015awiat\u0142a&#8221; w dniu 16 pa\u017adziernika 2002 roku.<br \/>\nW Lud\u017amierzu powiedzia\u0142: &#8222;Zawsze mog\u0142em na Maryj\u0119 liczy\u0107, szczeg\u00f3lnie w momentach trudnych bardzo potrzebowa\u0142em modlitwy r\u00f3\u017ca\u0144cowej i nadal was o ni\u0105 prosz\u0119&#8221;.<br \/>\nTa ewangeliczna modlitwa r\u00f3\u017ca\u0144cowa jest odmawiana przez Polak\u00f3w od dawna, r\u00f3wnie\u017c w \u0141owiczu by\u0142y zak\u0142adane Ko\u0142a R\u00f3\u017ca\u0144cowe, kt\u00f3re powstawa\u0142y w wioskach nale\u017c\u0105cych do Katedry \u0141owickiej. W\u015br\u00f3d tych miejscowo\u015bci by\u0142y Bobrowniki.<br \/>\nKiedy powsta\u0142a parafia w Bobrownikach i zosta\u0142 wybudowany ko\u015bci\u00f3\u0142, ksi\u0105dz proboszcz Boles\u0142aw Gorzkowski stara\u0142 si\u0119 utworzy\u0107 R\u00f3\u017ce R\u00f3\u017ca\u0144cowe.<\/p>\n<p><strong>Dzia\u0142anie K\u00f3\u0142 R\u00f3\u017ca\u0144cowych w Parafii Matki Bo\u017cej Jasnog\u00f3rskiej.<\/strong><br \/>\nPrzedstawiciele K\u00f3\u0142 R\u00f3\u017ca\u0144cowych naszej parafii uczestnicz\u0105 w nabo\u017ce\u0144stwach wynagradzaj\u0105cych pierwszych pi\u0119ciu sob\u00f3t miesi\u0105ca od maja do wrze\u015bnia.<br \/>\nPierwsz\u0105 Msz\u0119 \u015bw. zam\u00f3wi\u0142a w 2007 roku pani Janina B\u0105ba z Ko\u0142a R\u00f3\u017ca\u0144cowego w Parmie, a kolejne msze \u015bw. by\u0142y zamawiane, w ka\u017cdym roku przez kolejnych zelator\u00f3w K\u00f3\u0142 R\u00f3\u017ca\u0144cowych z Bobrownik i z Parmy.<br \/>\nW pa\u017adzierniku w wyznaczonych dniach tygodnia prowadz\u0105 R\u00f3\u017caniec \u015bwi\u0119ty podczas nabo\u017ce\u0144stwa r\u00f3\u017ca\u0144cowego. Przedstawiciele K\u00f3\u0142 ka\u017cd\u0105 pierwsz\u0105 niedziel\u0119 miesi\u0105ca uczestnicz\u0105 w Procesji Eucharystycznej.<br \/>\n29 wrze\u015bnia 2012 roku Ko\u0142a R\u00f3\u017ca\u0144cowego naszej parafii wyjecha\u0142y autokarem na diecezjalne spotkanie r\u00f3\u017ca\u0144cowe do Domaniewic.<br \/>\nW okresie Bo\u017cego Narodzenia, Ksi\u0105dz Proboszcz zaprasza nas na spotkanie op\u0142atkowe na plebanii.<br \/>\nPoprzez modlitw\u0119 r\u00f3\u017ca\u0144cow\u0105 staramy si\u0119 dzi\u0119kowa\u0107 naszej Matce Maryi za wszystkie Jej \u0142aski a tak\u017ce wynagradza\u0107 za wszelkie z\u0142o, zniewagi, blu\u017anierstwa i grzechy przeciwko Niej czynione.<\/p>\n<p><strong>I Ko\u0142o R\u00f3\u017ca\u0144ca \u015awi\u0119tego &#8211; Bobrowniki I<\/strong><br \/>\n<strong>II Ko\u0142o R\u00f3\u017ca\u0144ca \u015awi\u0119tego &#8211; Bobrowniki I<br \/>\n<\/strong><strong>Ko\u0142o \u017bywego R\u00f3\u017ca\u0144ca &#8211; Bobrowniki II<\/strong><br \/>\n<strong>Ko\u0142o R\u00f3\u017ca\u0144ca \u015awi\u0119tego &#8211; Bobrowniki III<\/strong><br \/>\n<strong>Ko\u0142o \u017bywego R\u00f3\u017ca\u0144ca \u015awi\u0119tego &#8211; Bobrowniki IV<\/strong><br \/>\n<strong>Ko\u0142o \u017bywego R\u00f3\u017ca\u0144ca \u015awi\u0119tego &#8211; Parma I<\/strong><br \/>\n<strong>Ko\u0142o \u017bywego R\u00f3\u017ca\u0144ca \u015awi\u0119tego &#8211; Parma II<\/strong><br \/>\n<strong>Ko\u0142o \u017bywego R\u00f3\u017ca\u0144ca \u015awi\u0119tego &#8211; Placencja<\/strong><br \/>\n<strong>Grupa \u017bywego R\u00f3\u017ca\u0144ca \u015awi\u0119tego &#8211; Polesie<\/strong><\/p>\n","protected":false},"excerpt":{"rendered":"<p>Na sakramencie chrztu opiera si\u0119 nasza wiara. Pro\u015bmy Boga, aby\u015bmy ka\u017cdego dnia mogli do\u015bwiadcza\u0107 tej \u0142aski, kt\u00f3r\u0105 otrzymali\u015bmy na chrzcie &#8211; m\u00f3wi\u0142 Papie\u017c na audiencji og\u00f3lnej. Od minionej \u015brody Papie\u017c rozpocz\u0105\u0142 nowy cykl katechez, po\u015bwi\u0119cony sakramentom. &#8222;Poj\u0119cie &#8222;sakrament&#8221; odsy\u0142a do pewnego wydarzenia \u0142aski, w kt\u00f3rym B\u00f3g uobecnia si\u0119 i dzia\u0142a w naszym \u017cyciu. Przed\u0142u\u017ca ono w dziejach zbawcze i o\u017cywiaj\u0105ce<\/p>\n","protected":false},"author":1,"featured_media":0,"parent":0,"menu_order":0,"comment_status":"closed","ping_status":"closed","template":"","meta":{"footnotes":""},"class_list":["post-1051","page","type-page","status-publish","hentry"],"_links":{"self":[{"href":"https:\/\/parafiabobrowniki.\u200blowicz.\u200bpl\/index.php?rest_route=\/wp\/v2\/pages\/1051"}],"collection":[{"href":"https:\/\/parafiabobrowniki.\u200blowicz.\u200bpl\/index.php?rest_route=\/wp\/v2\/pages"}],"about":[{"href":"https:\/\/parafiabobrowniki.\u200blowicz.\u200bpl\/index.php?rest_route=\/wp\/v2\/types\/page"}],"author":[{"embeddable":true,"href":"https:\/\/parafiabobrowniki.\u200blowicz.\u200bpl\/index.php?rest_route=\/wp\/v2\/users\/1"}],"replies":[{"embeddable":true,"href":"https:\/\/parafiabobrowniki.\u200blowicz.\u200bpl\/index.php?rest_route=%2Fwp%2Fv2%2Fcomments&post=1051"}],"version-history":[{"count":5,"href":"https:\/\/parafiabobrowniki.\u200blowicz.\u200bpl\/index.php?rest_route=\/wp\/v2\/pages\/1051\/revisions"}],"predecessor-version":[{"id":3979,"href":"https:\/\/parafiabobrowniki.\u200blowicz.\u200bpl\/index.php?rest_route=\/wp\/v2\/pages\/1051\/revisions\/3979"}],"wp:attachment":[{"href":"https:\/\/parafiabobrowniki.\u200blowicz.\u200bpl\/index.php?rest_route=%2Fwp%2Fv2%2Fmedia&parent=1051"}],"curies":[{"name":"wp","href":"https:\/\/api.w.org\/{rel}","templated":true}]}}