{"id":1070,"date":"2018-01-12T21:07:42","date_gmt":"2018-01-12T20:07:42","guid":{"rendered":"http:\/\/parafiabobrowniki.\u200blowicz.\u200bpl\/?page_id=1070"},"modified":"2018-01-12T21:17:03","modified_gmt":"2018-01-12T20:17:03","slug":"choragwiarze","status":"publish","type":"page","link":"https:\/\/parafiabobrowniki.\u200blowicz.\u200bpl\/?page_id=1070","title":{"rendered":"Chor\u0105gwiarze"},"content":{"rendered":"<p><strong>&nbsp;\u015awi\u0119cenie p\u00f3l w Bobrownikach gm. Niebor\u00f3w ko\u0142o \u0141owicza w drugi dzie\u0144 \u015awi\u0105t Wielkanocnych &#8211; &#8222;Lany Poniedzia\u0142ek&#8221;.<\/strong><\/p>\n<p>&nbsp;<\/p>\n<p><img loading=\"lazy\" decoding=\"async\" class=\"size-full wp-image-1074 alignleft\" src=\"http:\/\/parafiabobrowniki.\u200blowicz.\u200bpl\/wp-content\/uploads\/2018\/01\/ch03.jpg\" alt=\"\" width=\"300\" height=\"190\">Procesja m\u0119\u017cczyzn z chor\u0105gwi\u0105 Jezusa Zmartwychwsta\u0142ego wyrusza wczesnym rankiem oko\u0142o godziny 3.00. M\u0119\u017cczy\u017ani zbieraj\u0105c si\u0119 i zwo\u0142uj\u0105c uderzaj\u0105 w kocio\u0142 kt\u00f3ry wydaje szczeg\u00f3lny g\u0142os. Kocio\u0142 u\u017cywany jest podczas mszy Rezurekcyjnej i obchodu p\u00f3l.<\/p>\n<p>Chor\u0105gwiarze obchodz\u0105 granice naszej miejscowo\u015bci \u015bpiewaj\u0105c pie\u015bni Wielkanocne np. Chrystus Zmartwychwstaje,Weso\u0142y nam dzie\u0144 nasta\u0142. Po ka\u017cdej zwrotce s\u0142ycha\u0107 uderzenia w kocio\u0142, kt\u00f3ry nios\u0105 dwaj m\u0119\u017cczy\u017ani, trzeci za\u015b b\u0119bni.<\/p>\n<p><img loading=\"lazy\" decoding=\"async\" class=\"alignnone size-full wp-image-1075 alignright\" src=\"http:\/\/parafiabobrowniki.\u200blowicz.\u200bpl\/wp-content\/uploads\/2018\/01\/ch04.jpg\" alt=\"\" width=\"300\" height=\"200\">Trasa przemarszu chor\u0105gwi liczy 25 km i rozpoczyna si\u0119 w po\u0142owie Bobrownik, sk\u0105d grupa rusza do pierwszego kopca granicznego Bobrowniki- Mys\u0142ak\u00f3w, nast\u0119pnie do drugiego kopca Bobrowniki- Dzierzg\u00f3w, potem do trzeciego Parma-Dzierzg\u00f3wek- Bobrowniki nast\u0119pnie, chor\u0105gwiarze spo\u017cywaj\u0105 \u015bniadanie w lesie, w kt\u00f3rym uczestniczy proboszcz tutejszej parafii. Potem udaj\u0105 si\u0119 na cmentarz, gdzie odmawiaj\u0105 Litani\u0119 do Wszystkich \u015awi\u0119tych i udaj\u0105 si\u0119 na obch\u00f3d Parafialnego Ko\u015bcio\u0142a i tzw. Osiedla i Traktu Bobrownik. Ostatni czwarty kopiec Mys\u0142ak\u00f3w- Zielkowice- Bobrowniki zamyka granic\u0119 obchodzonych p\u00f3l, chor\u0105gwiarze wyruszaj\u0105 w pochodzie przez wie\u015b Bobrowniki \u015bpiewaj\u0105c pie\u015bni Wielkanocne i uderzaj\u0105c w kocio\u0142. Po drodze grubym kropid\u0142em( mo\u017cna by\u0142o zosta\u0107 mokrym od g\u0142owy do st\u00f3p) \u015bwi\u0119con\u0105 wod\u0105 kropi\u0105 wychodz\u0105cych do nich mieszka\u0144c\u00f3w, za co oni wrzucaja drobne datki. Za zebrane datki, chor\u0105gwiarze postanowili ufundowa\u0107 obraz \u015bw. Izydora- patrona p\u00f3l i urodzaju, kt\u00f3ry namalowa\u0142a Halina Kulikowska. Chor\u0105gwiarze wy\u015bwi\u0119caj\u0105 nowo wybudowane domy , aby w tym domu \u017cy\u0142o si\u0119 bez kl\u0119sk \u017cywio\u0142owych, po\u017car\u00f3w, w zdrowiu, szcz\u0119\u015bciu i dobrobycie, w zamian gospodarze przygotowuj\u0105 pocz\u0119stunek. Przy ka\u017cdym przydro\u017cnym krzy\u017cu( jest ich 5) chor\u0105gwiarze \u015bpiewaj\u0105 pie\u015b\u0144 &#8222;Przez Twoje Zmartwychwstanie&#8221;.<\/p>\n<p><img loading=\"lazy\" decoding=\"async\" class=\"alignnone size-full wp-image-1076 alignleft\" src=\"http:\/\/parafiabobrowniki.\u200blowicz.\u200bpl\/wp-content\/uploads\/2018\/01\/ch05.jpg\" alt=\"\" width=\"300\" height=\"200\">W Bobrownikach tradycja obchodzenia p\u00f3l istnieje od nie pami\u0119tnych czas\u00f3w, najstarsi ludzie w naszej miejscowo\u015bci m\u00f3wi\u0105, \u017ce ju\u017c ich dziadkowie i pradziadkowie obchodzili pola. Obchodu p\u00f3l dokonuj\u0105 w nadziei, \u017ce B\u00f3g b\u0119dzie mia\u0142 w opiece nasze pola i domostwa, \u017ce b\u0119dzie chroni\u0142 je przed \u017cywio\u0142ami, a chroniona ziemia da obfite plony. Prawd\u0105 jest \u017ce( odpuka\u0107 w niemalowane) Bobrowniki nie do\u015bwiadczy\u0142y powa\u017cnych powodzi, gradobicia i po\u017car\u00f3w w ostatnim stuleciu.<\/p>\n<p><img loading=\"lazy\" decoding=\"async\" class=\"alignnone size-full wp-image-1078 alignright\" src=\"http:\/\/parafiabobrowniki.\u200blowicz.\u200bpl\/wp-content\/uploads\/2018\/01\/ch07.jpg\" alt=\"\" width=\"300\" height=\"200\">W procesji uczestniczy od 30 do 60 chor\u0105gwiarzy w ro\u017cnym wieku. W 2012 roku najm\u0142odszym uczestnikiem by\u0142 10-letni Szymon Sierota, najstarszym za\u015b m\u0119\u017cczyzna Jan Przy\u017cycki (72 lata), kt\u00f3ry chodzi z chor\u0105gwi\u0105 od 12 roku \u017cycia. W Bobrownikach w \u015bwieceniu p\u00f3l bra\u0142 udzia\u0142 59 razy. Wart\u0105 odnotowania tradycj\u0105 jest wzajemne k\u0142anianie si\u0119 sobie chor\u0105gwi podczas spotkania pochod\u00f3w chor\u0105gwiarzy z r\u00f3\u017cnych okolic. M\u0142odsza chor\u0105giew trzykrotnie k\u0142ania si\u0119 starszej. Je\u017celi chor\u0105gwiarze spotykaj\u0105 si\u0119 przy jednym granicznym kopcu, w\u00f3wczas m\u0142odsza chor\u0105giew przepuszcza starsz\u0105. W\u015br\u00f3d okolicznych wsi Bobrowska chor\u0105giew jest najstarsza. Chor\u0105gwiarze z Bobrownik stworzyli r\u00f3wnie\u017c w\u0142asn\u0105 tradycj\u0119 dla m\u0119\u017cczyzn wst\u0119puj\u0105cych do grupy. Ka\u017cdy z nich jest uroczy\u015bcie przyjmowany ( wy\u015bwi\u0119cany) a w podzi\u0119ce wnosi frycowe (napitek lub jedzenie). W imieniu ch\u0142opca frycowe wnosi ojciec. W niedziel\u0119 Mi\u0142osierdzia Bo\u017cego ( tzw. Przewody), w Ko\u015bciele w Bobrownikach odprawiana jest msza w intencji chor\u0105gwiarzy, wy\u015bwi\u0119conych p\u00f3l i mieszka\u0144c\u00f3w. Na mszy spotykaj\u0105 si\u0119 chor\u0105gwiarze wraz z chor\u0105gwi\u0105 z Bobrownik, Parmy oraz Placencji &#8211; w tych miejscowo\u015bciach ta tradycja kontynuowana jest do tej pory.<\/p>\n<p>&nbsp;<\/p>\n<p><img loading=\"lazy\" decoding=\"async\" class=\"size-full wp-image-1072 aligncenter\" src=\"http:\/\/parafiabobrowniki.\u200blowicz.\u200bpl\/wp-content\/uploads\/2018\/01\/ch01.jpg\" alt=\"\" width=\"600\" height=\"380\" srcset=\"https:\/\/parafiabobrowniki.\u200blowicz.\u200bpl\/wp-content\/uploads\/2018\/01\/ch01.jpg 600w, https:\/\/parafiabobrowniki.\u200blowicz.\u200bpl\/wp-content\/uploads\/2018\/01\/ch01-300x190.jpg 300w\" sizes=\"(max-width: 600px) 100vw, 600px\" \/> <img loading=\"lazy\" decoding=\"async\" class=\"size-full wp-image-1073 aligncenter\" src=\"http:\/\/parafiabobrowniki.\u200blowicz.\u200bpl\/wp-content\/uploads\/2018\/01\/ch02.jpg\" alt=\"\" width=\"600\" height=\"380\" srcset=\"https:\/\/parafiabobrowniki.\u200blowicz.\u200bpl\/wp-content\/uploads\/2018\/01\/ch02.jpg 600w, https:\/\/parafiabobrowniki.\u200blowicz.\u200bpl\/wp-content\/uploads\/2018\/01\/ch02-300x190.jpg 300w\" sizes=\"(max-width: 600px) 100vw, 600px\" \/><\/p>\n","protected":false},"excerpt":{"rendered":"<p>&nbsp;\u015awi\u0119cenie p\u00f3l w Bobrownikach gm. Niebor\u00f3w ko\u0142o \u0141owicza w drugi dzie\u0144 \u015awi\u0105t Wielkanocnych &#8211; &#8222;Lany Poniedzia\u0142ek&#8221;. &nbsp; Procesja m\u0119\u017cczyzn z chor\u0105gwi\u0105 Jezusa Zmartwychwsta\u0142ego wyrusza wczesnym rankiem oko\u0142o godziny 3.00. M\u0119\u017cczy\u017ani zbieraj\u0105c si\u0119 i zwo\u0142uj\u0105c uderzaj\u0105 w kocio\u0142 kt\u00f3ry wydaje szczeg\u00f3lny g\u0142os. Kocio\u0142 u\u017cywany jest podczas mszy Rezurekcyjnej i obchodu p\u00f3l. Chor\u0105gwiarze obchodz\u0105 granice naszej miejscowo\u015bci \u015bpiewaj\u0105c pie\u015bni Wielkanocne np. Chrystus<\/p>\n","protected":false},"author":1,"featured_media":0,"parent":0,"menu_order":0,"comment_status":"closed","ping_status":"closed","template":"","meta":{"footnotes":""},"class_list":["post-1070","page","type-page","status-publish","hentry"],"_links":{"self":[{"href":"https:\/\/parafiabobrowniki.\u200blowicz.\u200bpl\/index.php?rest_route=\/wp\/v2\/pages\/1070"}],"collection":[{"href":"https:\/\/parafiabobrowniki.\u200blowicz.\u200bpl\/index.php?rest_route=\/wp\/v2\/pages"}],"about":[{"href":"https:\/\/parafiabobrowniki.\u200blowicz.\u200bpl\/index.php?rest_route=\/wp\/v2\/types\/page"}],"author":[{"embeddable":true,"href":"https:\/\/parafiabobrowniki.\u200blowicz.\u200bpl\/index.php?rest_route=\/wp\/v2\/users\/1"}],"replies":[{"embeddable":true,"href":"https:\/\/parafiabobrowniki.\u200blowicz.\u200bpl\/index.php?rest_route=%2Fwp%2Fv2%2Fcomments&post=1070"}],"version-history":[{"count":10,"href":"https:\/\/parafiabobrowniki.\u200blowicz.\u200bpl\/index.php?rest_route=\/wp\/v2\/pages\/1070\/revisions"}],"predecessor-version":[{"id":1088,"href":"https:\/\/parafiabobrowniki.\u200blowicz.\u200bpl\/index.php?rest_route=\/wp\/v2\/pages\/1070\/revisions\/1088"}],"wp:attachment":[{"href":"https:\/\/parafiabobrowniki.\u200blowicz.\u200bpl\/index.php?rest_route=%2Fwp%2Fv2%2Fmedia&parent=1070"}],"curies":[{"name":"wp","href":"https:\/\/api.w.org\/{rel}","templated":true}]}}