{"id":1097,"date":"2018-01-12T21:23:34","date_gmt":"2018-01-12T20:23:34","guid":{"rendered":"http:\/\/parafiabobrowniki.\u200blowicz.\u200bpl\/?page_id=1097"},"modified":"2018-01-12T21:23:34","modified_gmt":"2018-01-12T20:23:34","slug":"jerycho-rozancowe","status":"publish","type":"page","link":"https:\/\/parafiabobrowniki.\u200blowicz.\u200bpl\/?page_id=1097","title":{"rendered":"Jerycho R\u00f3\u017ca\u0144cowe"},"content":{"rendered":"<p>Nazwa <strong>&#8222;Jerycho R\u00f3\u017ca\u0144cowe&#8221;<\/strong> nawi\u0105zuje do wydarzenia opisanego w biblijnej Ksi\u0119dze Jozuego. Wed\u0142ug Pisma \u015awi\u0119tego Jozue, nast\u0119pca Moj\u017cesza, wprowadzaj\u0105c Izraelit\u00f3w do Ziemi Obiecanej, otrzyma\u0142 od Boga nakaz, by wojsko przez siedem dni okr\u0105\u017ca\u0142o mury Jerycha przy g\u0142o\u015bnych d\u017awi\u0119kach tr\u0105b. Si\u00f3dmego dnia od huku tr\u0105b pot\u0119\u017cne mury niedost\u0119pnego miasta pop\u0119ka\u0142y i run\u0119\u0142y, a Jerycho zosta\u0142o zdobyte (Joz 6).<\/p>\n<p>Pocz\u0105tki R\u00f3\u017ca\u0144cowego Jerycha w Polsce zwi\u0105zane s\u0105 z osob\u0105 Anatola Kaszczuka, kt\u00f3ry przeszczepi\u0142 Legion Maryi z Irlandii do Polski w 1946 roku. To w\u0142a\u015bnie on, kiedy wa\u017cy\u0142y si\u0119 losy pierwszej pielgrzymki papie\u017ca Jana Paw\u0142a II do Polski, zaproponowa\u0142 zorganizowanie i przeprowadzenie siedmiodniowego Kongresu R\u00f3\u017ca\u0144cowego na Jasnej G\u00f3rze. Za rad\u0105 ks. bpa Stefana Bare\u0142y zrezygnowano z Kongresu, lecz nazwano te siedem dni modlitwy &#8222;Obl\u0119\u017ceniem Jerycha&#8221;. Uczestnicy na Jasnej G\u00f3rze chcieli trwa\u0107 na modlitwie, by run\u0119\u0142y mury zagradzaj\u0105ce drog\u0119 Ojcu \u015awi\u0119temu do Polski. I rzeczywi\u015bcie przeszkody zosta\u0142y zwyci\u0119\u017cone. Anatol Kaszczuk nazywa\u0142 to wydarzenie pierwszym &#8222;Obl\u0119\u017ceniem Jerycha&#8221;.<\/p>\n<p>&#8222;Jerycho&#8221; to nieprzerwane, rotacyjne czuwanie os\u00f3b przed Naj\u015bwi\u0119tszym Sakramentem przez siedem dni.<\/p>\n<p>&#8222;Jerycho R\u00f3\u017ca\u0144cowe&#8221; w naszej parafii Matki Bo\u017cej Jasnog\u00f3rskiej w Bobrownikach trwa jeden dzie\u0144, zazwyczaj z I pi\u0105tku miesi\u0105ca na I sobot\u0119 miesi\u0105ca. Rozpoczyna si\u0119 Msz\u0105 \u015bw. wotywn\u0105 o Naj\u015bwi\u0119tszym Sercu Pana Jezusa a ko\u0144czy nabo\u017ce\u0144stwem wynagradzaj\u0105cym Niepokalanemu Sercu Maryi i Msz\u0105 \u015bw. wotywn\u0105 o Matce Bo\u017cej.<\/p>\n<p>&nbsp;<\/p>\n<p><img loading=\"lazy\" decoding=\"async\" class=\"size-full wp-image-1098 aligncenter\" src=\"http:\/\/parafiabobrowniki.\u200blowicz.\u200bpl\/wp-content\/uploads\/2018\/01\/j01.jpg\" alt=\"\" width=\"600\" height=\"465\" srcset=\"https:\/\/parafiabobrowniki.\u200blowicz.\u200bpl\/wp-content\/uploads\/2018\/01\/j01.jpg 600w, https:\/\/parafiabobrowniki.\u200blowicz.\u200bpl\/wp-content\/uploads\/2018\/01\/j01-300x233.jpg 300w\" sizes=\"(max-width: 600px) 100vw, 600px\" \/> <img loading=\"lazy\" decoding=\"async\" class=\"size-full wp-image-1099 aligncenter\" src=\"http:\/\/parafiabobrowniki.\u200blowicz.\u200bpl\/wp-content\/uploads\/2018\/01\/j02.jpg\" alt=\"\" width=\"600\" height=\"450\" srcset=\"https:\/\/parafiabobrowniki.\u200blowicz.\u200bpl\/wp-content\/uploads\/2018\/01\/j02.jpg 600w, https:\/\/parafiabobrowniki.\u200blowicz.\u200bpl\/wp-content\/uploads\/2018\/01\/j02-300x225.jpg 300w\" sizes=\"(max-width: 600px) 100vw, 600px\" \/> <img loading=\"lazy\" decoding=\"async\" class=\"size-full wp-image-1100 aligncenter\" src=\"http:\/\/parafiabobrowniki.\u200blowicz.\u200bpl\/wp-content\/uploads\/2018\/01\/j03.jpg\" alt=\"\" width=\"600\" height=\"470\" srcset=\"https:\/\/parafiabobrowniki.\u200blowicz.\u200bpl\/wp-content\/uploads\/2018\/01\/j03.jpg 600w, https:\/\/parafiabobrowniki.\u200blowicz.\u200bpl\/wp-content\/uploads\/2018\/01\/j03-300x235.jpg 300w\" sizes=\"(max-width: 600px) 100vw, 600px\" \/> <img loading=\"lazy\" decoding=\"async\" class=\"size-full wp-image-1101 aligncenter\" src=\"http:\/\/parafiabobrowniki.\u200blowicz.\u200bpl\/wp-content\/uploads\/2018\/01\/j04.jpg\" alt=\"\" width=\"600\" height=\"450\" srcset=\"https:\/\/parafiabobrowniki.\u200blowicz.\u200bpl\/wp-content\/uploads\/2018\/01\/j04.jpg 600w, https:\/\/parafiabobrowniki.\u200blowicz.\u200bpl\/wp-content\/uploads\/2018\/01\/j04-300x225.jpg 300w\" sizes=\"(max-width: 600px) 100vw, 600px\" \/><\/p>\n","protected":false},"excerpt":{"rendered":"<p>Nazwa &#8222;Jerycho R\u00f3\u017ca\u0144cowe&#8221; nawi\u0105zuje do wydarzenia opisanego w biblijnej Ksi\u0119dze Jozuego. Wed\u0142ug Pisma \u015awi\u0119tego Jozue, nast\u0119pca Moj\u017cesza, wprowadzaj\u0105c Izraelit\u00f3w do Ziemi Obiecanej, otrzyma\u0142 od Boga nakaz, by wojsko przez siedem dni okr\u0105\u017ca\u0142o mury Jerycha przy g\u0142o\u015bnych d\u017awi\u0119kach tr\u0105b. Si\u00f3dmego dnia od huku tr\u0105b pot\u0119\u017cne mury niedost\u0119pnego miasta pop\u0119ka\u0142y i run\u0119\u0142y, a Jerycho zosta\u0142o zdobyte (Joz 6). Pocz\u0105tki R\u00f3\u017ca\u0144cowego Jerycha w<\/p>\n","protected":false},"author":1,"featured_media":0,"parent":0,"menu_order":0,"comment_status":"closed","ping_status":"closed","template":"","meta":{"footnotes":""},"class_list":["post-1097","page","type-page","status-publish","hentry"],"_links":{"self":[{"href":"https:\/\/parafiabobrowniki.\u200blowicz.\u200bpl\/index.php?rest_route=\/wp\/v2\/pages\/1097"}],"collection":[{"href":"https:\/\/parafiabobrowniki.\u200blowicz.\u200bpl\/index.php?rest_route=\/wp\/v2\/pages"}],"about":[{"href":"https:\/\/parafiabobrowniki.\u200blowicz.\u200bpl\/index.php?rest_route=\/wp\/v2\/types\/page"}],"author":[{"embeddable":true,"href":"https:\/\/parafiabobrowniki.\u200blowicz.\u200bpl\/index.php?rest_route=\/wp\/v2\/users\/1"}],"replies":[{"embeddable":true,"href":"https:\/\/parafiabobrowniki.\u200blowicz.\u200bpl\/index.php?rest_route=%2Fwp%2Fv2%2Fcomments&post=1097"}],"version-history":[{"count":1,"href":"https:\/\/parafiabobrowniki.\u200blowicz.\u200bpl\/index.php?rest_route=\/wp\/v2\/pages\/1097\/revisions"}],"predecessor-version":[{"id":1102,"href":"https:\/\/parafiabobrowniki.\u200blowicz.\u200bpl\/index.php?rest_route=\/wp\/v2\/pages\/1097\/revisions\/1102"}],"wp:attachment":[{"href":"https:\/\/parafiabobrowniki.\u200blowicz.\u200bpl\/index.php?rest_route=%2Fwp%2Fv2%2Fmedia&parent=1097"}],"curies":[{"name":"wp","href":"https:\/\/api.w.org\/{rel}","templated":true}]}}