{"id":1103,"date":"2018-01-12T21:24:19","date_gmt":"2018-01-12T20:24:19","guid":{"rendered":"http:\/\/parafiabobrowniki.\u200blowicz.\u200bpl\/?page_id=1103"},"modified":"2018-01-12T21:25:07","modified_gmt":"2018-01-12T20:25:07","slug":"apostolat-margaretka","status":"publish","type":"page","link":"https:\/\/parafiabobrowniki.\u200blowicz.\u200bpl\/?page_id=1103","title":{"rendered":"Apostolat &#8222;Margaretka&#8221;"},"content":{"rendered":"<p style=\"text-align: center;\"><strong>APOSTOLAT &#8222;MARGARETKA&#8221;<\/strong><\/p>\n<p>Apostolat &#8222;Margaretka&#8221; w naszej parafii za\u0142o\u017cony zosta\u0142 w roku 2009, czyli w Roku Kap\u0142a\u0144skim.<\/p>\n<p>Pierwszymi kap\u0142anami, za kt\u00f3rych rozpocz\u0119li\u015bmy modlitw\u0119 byli: \u00f3wczesny proboszcz Parafii &#8211; ks. Maciej Zakrzewski oraz inni ksi\u0119\u017ca z naszej diecezji \u0142owickiej: ks. Pawe\u0142 Kozakowski, ks. Wojciech Osial oraz ks. Pawe\u0142 G\u00f3rniak.<\/p>\n<p>W roku 2012 podj\u0119li\u015bmy &#8222;Margaretk\u0119&#8221; za obecnego proboszcza &#8211; ks. Piotra Sapi\u0144skiego.<\/p>\n<p>Ka\u017cdego dnia osoby nale\u017c\u0105ce do Apostolatu modl\u0105 si\u0119 za wybranego kap\u0142ana modlitwami, kt\u00f3re poleci\u0142 ojciec Jozo Zovko &#8211; kap\u0142an z Medjugorie. S\u0105 to:<\/p>\n<ul>Modlitwa za kap\u0142an\u00f3w papie\u017ca Paw\u0142a VI:<\/ul>\n<p><em>&#8222;Jezu, Boski Pasterzu, kt\u00f3ry powo\u0142a\u0142e\u015b Aposto\u0142\u00f3w, aby ich uczyni\u0107 \u0142owcami dusz, Ty, kt\u00f3ry poci\u0105gn\u0105\u0142e\u015b ku Sobie ksi\u0119dza\u2026(wymienia si\u0119 imi\u0119 kap\u0142ana)\u2026uczy\u0144 go swoim na\u015bladowc\u0105 i s\u0142ug\u0105.<\/em><br \/>\n<em> Spraw, aby dzieli\u0142 Twoje pragnienie powszechnego odkupienia, dla kt\u00f3rego ponawiasz na o\u0142tarzach Swoj\u0105 Ofiar\u0119. Ty, o Panie, kt\u00f3ry \u017cyjesz na wieki, aby wstawia\u0107 si\u0119 za Twoim ludem, otw\u00f3rz przed Nim horyzonty, by dostrzeg\u0142 ca\u0142y \u015bwiat spragniony \u015bwiat\u0142a prawdy i mi\u0142o\u015bci, by by\u0142 sol\u0105 ziemi i \u015bwiat\u0142o\u015bci\u0105 \u015bwiata. Umacniaj Go Twoj\u0105 moc\u0105 i b\u0142ogos\u0142aw Mu. Maryjo strze\u017c Go przed wszelkim z\u0142em&#8221;. &#8221; Koronka Pokoju z Medjugorie: &#8222;Wierz\u0119 w Boga Ojca&#8221; oraz 7 razy: &#8222;Ojcze nasz\u2026&#8221;, &#8222;Zdrowa\u015b Maryjo\u2026&#8221;, &#8222;Chwa\u0142a Ojcu\u2026&#8221;<\/em><\/p>\n","protected":false},"excerpt":{"rendered":"<p>APOSTOLAT &#8222;MARGARETKA&#8221; Apostolat &#8222;Margaretka&#8221; w naszej parafii za\u0142o\u017cony zosta\u0142 w roku 2009, czyli w Roku Kap\u0142a\u0144skim. Pierwszymi kap\u0142anami, za kt\u00f3rych rozpocz\u0119li\u015bmy modlitw\u0119 byli: \u00f3wczesny proboszcz Parafii &#8211; ks. Maciej Zakrzewski oraz inni ksi\u0119\u017ca z naszej diecezji \u0142owickiej: ks. Pawe\u0142 Kozakowski, ks. Wojciech Osial oraz ks. Pawe\u0142 G\u00f3rniak. W roku 2012 podj\u0119li\u015bmy &#8222;Margaretk\u0119&#8221; za obecnego proboszcza &#8211; ks. Piotra Sapi\u0144skiego. Ka\u017cdego<\/p>\n","protected":false},"author":1,"featured_media":0,"parent":0,"menu_order":0,"comment_status":"closed","ping_status":"closed","template":"","meta":{"footnotes":""},"class_list":["post-1103","page","type-page","status-publish","hentry"],"_links":{"self":[{"href":"https:\/\/parafiabobrowniki.\u200blowicz.\u200bpl\/index.php?rest_route=\/wp\/v2\/pages\/1103"}],"collection":[{"href":"https:\/\/parafiabobrowniki.\u200blowicz.\u200bpl\/index.php?rest_route=\/wp\/v2\/pages"}],"about":[{"href":"https:\/\/parafiabobrowniki.\u200blowicz.\u200bpl\/index.php?rest_route=\/wp\/v2\/types\/page"}],"author":[{"embeddable":true,"href":"https:\/\/parafiabobrowniki.\u200blowicz.\u200bpl\/index.php?rest_route=\/wp\/v2\/users\/1"}],"replies":[{"embeddable":true,"href":"https:\/\/parafiabobrowniki.\u200blowicz.\u200bpl\/index.php?rest_route=%2Fwp%2Fv2%2Fcomments&post=1103"}],"version-history":[{"count":2,"href":"https:\/\/parafiabobrowniki.\u200blowicz.\u200bpl\/index.php?rest_route=\/wp\/v2\/pages\/1103\/revisions"}],"predecessor-version":[{"id":1105,"href":"https:\/\/parafiabobrowniki.\u200blowicz.\u200bpl\/index.php?rest_route=\/wp\/v2\/pages\/1103\/revisions\/1105"}],"wp:attachment":[{"href":"https:\/\/parafiabobrowniki.\u200blowicz.\u200bpl\/index.php?rest_route=%2Fwp%2Fv2%2Fmedia&parent=1103"}],"curies":[{"name":"wp","href":"https:\/\/api.w.org\/{rel}","templated":true}]}}