{"id":1166,"date":"2018-01-22T21:13:14","date_gmt":"2018-01-22T20:13:14","guid":{"rendered":"http:\/\/parafiabobrowniki.\u200blowicz.\u200bpl\/?page_id=1166"},"modified":"2018-01-22T21:13:14","modified_gmt":"2018-01-22T20:13:14","slug":"prasa-slodkie-koledowanie","status":"publish","type":"page","link":"https:\/\/parafiabobrowniki.\u200blowicz.\u200bpl\/?page_id=1166","title":{"rendered":"Prasa &#8211; S\u0142odkie kol\u0119dowanie"},"content":{"rendered":"<p>Dzieci i m\u0142odzie\u017c z parafii Matki Bo\u017cej Jasnog\u00f3rskiej w Bobrownikach zbiera\u0142y pieni\u0105dze dla swoich r\u00f3wie\u015bnik\u00f3w w Indiach.<\/p>\n<p>W tym roku w role kol\u0119dnik\u00f3w misyjnych wcieli\u0142o si\u0119 20 os\u00f3b. Ko\u0142o misyjne wsparli uczniowie ze Szkolnego Ko\u0142a Caritas przy Szkole Podstawowej w Bobrownikach oraz m\u0142odzi cz\u0142onkowie Rycerstwa Niepokalanej.<br \/>\nKol\u0119dowanie rozpocz\u0119li od przedstawienia scenki w ko\u015bciele. &#8211; Chodzi\u0142o nam o zwr\u00f3cenie uwagi na to, \u017ce dzieci w Indiach dotykaj\u0105 g\u0142\u00f3d i choroby. Zmuszane s\u0105 do ci\u0119\u017ckiej pracy. Pracuj\u0105 w kamienio\u0142omach, zamiast chodzi\u0107 do szko\u0142y &#8211; m\u00f3wi Ewa Baigazin, opiekun ko\u0142a misyjnego.<br \/>\nW uroczysto\u015b\u0107 Objawienia Pa\u0144skiego, gdy w miastach sz\u0142y Orszaki Trzech Kr\u00f3li, przez Bobrowniki szed\u0142 orszak kol\u0119dnik\u00f3w, a w zasadzie dwa, gdy\u017c kol\u0119dnicy podzielili si\u0119 na grupy. Ze \u015bpiewem na ustach pukali do domostw, prosz\u0105c o wsparcie misji.<br \/>\nW jednej z grup sz\u0142a Maja Pruk, uczennica Pijarskiego Gimnazjum Kr\u00f3lowej Pokoju w \u0141owiczu. Kol\u0119dowa\u0142a ju\u017c po raz czwarty. &#8211; Gdy kto\u015b otworzy\u0142 nam drzwi, nie zdarzy\u0142o si\u0119 jeszcze, \u017ceby nic nie ofiarowa\u0142. Cz\u0119sto dodatkowo dostajemy te\u017c s\u0142odycze &#8211; m\u00f3wi Maja.<br \/>\nPogoda w tym roku nie rozpieszcza\u0142a kol\u0119dnik\u00f3w. Mr\u00f3z da\u0142 si\u0119 we znaki. Na szcz\u0119\u015bcie na plebanii czeka\u0142 na dzieci ciep\u0142y posi\u0142ek, kt\u00f3ry przygotowali ich rodzice.<\/p>\n<p style=\"text-align: right;\"><i>Marcin Kowalik<br \/>\ndziennikarz &#8222;Go\u015bcia \u0141owickiego&#8221;<\/i><\/p>\n<p><img loading=\"lazy\" decoding=\"async\" class=\"alignnone size-full wp-image-1168\" src=\"http:\/\/parafiabobrowniki.\u200blowicz.\u200bpl\/wp-content\/uploads\/2018\/01\/koledowanie01.jpg\" alt=\"\" width=\"800\" height=\"532\" srcset=\"https:\/\/parafiabobrowniki.\u200blowicz.\u200bpl\/wp-content\/uploads\/2018\/01\/koledowanie01.jpg 800w, https:\/\/parafiabobrowniki.\u200blowicz.\u200bpl\/wp-content\/uploads\/2018\/01\/koledowanie01-300x200.jpg 300w, https:\/\/parafiabobrowniki.\u200blowicz.\u200bpl\/wp-content\/uploads\/2018\/01\/koledowanie01-768x511.jpg 768w\" sizes=\"(max-width: 800px) 100vw, 800px\" \/> <img loading=\"lazy\" decoding=\"async\" class=\"alignnone size-full wp-image-1169\" src=\"http:\/\/parafiabobrowniki.\u200blowicz.\u200bpl\/wp-content\/uploads\/2018\/01\/koledowanie02.jpg\" alt=\"\" width=\"800\" height=\"500\" srcset=\"https:\/\/parafiabobrowniki.\u200blowicz.\u200bpl\/wp-content\/uploads\/2018\/01\/koledowanie02.jpg 800w, https:\/\/parafiabobrowniki.\u200blowicz.\u200bpl\/wp-content\/uploads\/2018\/01\/koledowanie02-300x188.jpg 300w, https:\/\/parafiabobrowniki.\u200blowicz.\u200bpl\/wp-content\/uploads\/2018\/01\/koledowanie02-768x480.jpg 768w\" sizes=\"(max-width: 800px) 100vw, 800px\" \/> <img loading=\"lazy\" decoding=\"async\" class=\"alignnone size-full wp-image-1170\" src=\"http:\/\/parafiabobrowniki.\u200blowicz.\u200bpl\/wp-content\/uploads\/2018\/01\/koledowanie03.jpg\" alt=\"\" width=\"800\" height=\"533\" srcset=\"https:\/\/parafiabobrowniki.\u200blowicz.\u200bpl\/wp-content\/uploads\/2018\/01\/koledowanie03.jpg 800w, https:\/\/parafiabobrowniki.\u200blowicz.\u200bpl\/wp-content\/uploads\/2018\/01\/koledowanie03-300x200.jpg 300w, https:\/\/parafiabobrowniki.\u200blowicz.\u200bpl\/wp-content\/uploads\/2018\/01\/koledowanie03-768x512.jpg 768w\" sizes=\"(max-width: 800px) 100vw, 800px\" \/> <img loading=\"lazy\" decoding=\"async\" class=\"alignnone size-full wp-image-1171\" src=\"http:\/\/parafiabobrowniki.\u200blowicz.\u200bpl\/wp-content\/uploads\/2018\/01\/koledowanie04.jpg\" alt=\"\" width=\"800\" height=\"533\" srcset=\"https:\/\/parafiabobrowniki.\u200blowicz.\u200bpl\/wp-content\/uploads\/2018\/01\/koledowanie04.jpg 800w, https:\/\/parafiabobrowniki.\u200blowicz.\u200bpl\/wp-content\/uploads\/2018\/01\/koledowanie04-300x200.jpg 300w, https:\/\/parafiabobrowniki.\u200blowicz.\u200bpl\/wp-content\/uploads\/2018\/01\/koledowanie04-768x512.jpg 768w\" sizes=\"(max-width: 800px) 100vw, 800px\" \/> <img loading=\"lazy\" decoding=\"async\" class=\"alignnone size-full wp-image-1172\" src=\"http:\/\/parafiabobrowniki.\u200blowicz.\u200bpl\/wp-content\/uploads\/2018\/01\/koledowanie05.jpg\" alt=\"\" width=\"800\" height=\"533\" srcset=\"https:\/\/parafiabobrowniki.\u200blowicz.\u200bpl\/wp-content\/uploads\/2018\/01\/koledowanie05.jpg 800w, https:\/\/parafiabobrowniki.\u200blowicz.\u200bpl\/wp-content\/uploads\/2018\/01\/koledowanie05-300x200.jpg 300w, https:\/\/parafiabobrowniki.\u200blowicz.\u200bpl\/wp-content\/uploads\/2018\/01\/koledowanie05-768x512.jpg 768w\" sizes=\"(max-width: 800px) 100vw, 800px\" \/> <img loading=\"lazy\" decoding=\"async\" class=\"alignnone size-full wp-image-1173\" src=\"http:\/\/parafiabobrowniki.\u200blowicz.\u200bpl\/wp-content\/uploads\/2018\/01\/koledowanie06.jpg\" alt=\"\" width=\"800\" height=\"533\" srcset=\"https:\/\/parafiabobrowniki.\u200blowicz.\u200bpl\/wp-content\/uploads\/2018\/01\/koledowanie06.jpg 800w, https:\/\/parafiabobrowniki.\u200blowicz.\u200bpl\/wp-content\/uploads\/2018\/01\/koledowanie06-300x200.jpg 300w, https:\/\/parafiabobrowniki.\u200blowicz.\u200bpl\/wp-content\/uploads\/2018\/01\/koledowanie06-768x512.jpg 768w\" sizes=\"(max-width: 800px) 100vw, 800px\" \/><\/p>\n<p>&nbsp;<\/p>\n","protected":false},"excerpt":{"rendered":"<p>Dzieci i m\u0142odzie\u017c z parafii Matki Bo\u017cej Jasnog\u00f3rskiej w Bobrownikach zbiera\u0142y pieni\u0105dze dla swoich r\u00f3wie\u015bnik\u00f3w w Indiach. W tym roku w role kol\u0119dnik\u00f3w misyjnych wcieli\u0142o si\u0119 20 os\u00f3b. Ko\u0142o misyjne wsparli uczniowie ze Szkolnego Ko\u0142a Caritas przy Szkole Podstawowej w Bobrownikach oraz m\u0142odzi cz\u0142onkowie Rycerstwa Niepokalanej. Kol\u0119dowanie rozpocz\u0119li od przedstawienia scenki w ko\u015bciele. &#8211; Chodzi\u0142o nam o zwr\u00f3cenie uwagi na<\/p>\n","protected":false},"author":1,"featured_media":0,"parent":0,"menu_order":0,"comment_status":"closed","ping_status":"closed","template":"","meta":{"footnotes":""},"class_list":["post-1166","page","type-page","status-publish","hentry"],"_links":{"self":[{"href":"https:\/\/parafiabobrowniki.\u200blowicz.\u200bpl\/index.php?rest_route=\/wp\/v2\/pages\/1166"}],"collection":[{"href":"https:\/\/parafiabobrowniki.\u200blowicz.\u200bpl\/index.php?rest_route=\/wp\/v2\/pages"}],"about":[{"href":"https:\/\/parafiabobrowniki.\u200blowicz.\u200bpl\/index.php?rest_route=\/wp\/v2\/types\/page"}],"author":[{"embeddable":true,"href":"https:\/\/parafiabobrowniki.\u200blowicz.\u200bpl\/index.php?rest_route=\/wp\/v2\/users\/1"}],"replies":[{"embeddable":true,"href":"https:\/\/parafiabobrowniki.\u200blowicz.\u200bpl\/index.php?rest_route=%2Fwp%2Fv2%2Fcomments&post=1166"}],"version-history":[{"count":1,"href":"https:\/\/parafiabobrowniki.\u200blowicz.\u200bpl\/index.php?rest_route=\/wp\/v2\/pages\/1166\/revisions"}],"predecessor-version":[{"id":1174,"href":"https:\/\/parafiabobrowniki.\u200blowicz.\u200bpl\/index.php?rest_route=\/wp\/v2\/pages\/1166\/revisions\/1174"}],"wp:attachment":[{"href":"https:\/\/parafiabobrowniki.\u200blowicz.\u200bpl\/index.php?rest_route=%2Fwp%2Fv2%2Fmedia&parent=1166"}],"curies":[{"name":"wp","href":"https:\/\/api.w.org\/{rel}","templated":true}]}}