{"id":1175,"date":"2018-01-22T22:18:22","date_gmt":"2018-01-22T21:18:22","guid":{"rendered":"http:\/\/parafiabobrowniki.\u200blowicz.\u200bpl\/?page_id=1175"},"modified":"2018-01-22T22:18:22","modified_gmt":"2018-01-22T21:18:22","slug":"prasa-rekolekcje-z-niepokalana","status":"publish","type":"page","link":"https:\/\/parafiabobrowniki.\u200blowicz.\u200bpl\/?page_id=1175","title":{"rendered":"Prasa &#8211; Rekolekcje z Niepokalan\u0105"},"content":{"rendered":"<p style=\"text-align: left;\"><b>Rekolekcje z Niepokalan\u0105<\/b><\/p>\n<p>Na koniec rekolekcji adwentowych parafianie z Bobrownik zawierzyli swoje \u017cycie Maryi.<\/p>\n<p>Pod \u0141owiczem, w Bobrownikach, bije serce parafii Matki Bo\u017cej Jasnog\u00f3rskiej. To patronka nie tylko z nazwy &#8211; st\u0105d na pozosta\u0142e parafie w diecezji rozprzestrzeni\u0142o si\u0119 nabo\u017ce\u0144stwo fatimskie. Pr\u0119\u017cnie dzia\u0142a Rycerstwo Niepokalanej.<br \/>\nPrze\u017cywaniu tegorocznego Adwentu towarzyszy has\u0142o na o\u0142tarzu: &#8222;Dziewica pocz\u0119\u0142a, Dziewica urodzi\u0142a, Dziewic\u0105 pozosta\u0142a&#8221;. Ka\u017cdy dzie\u0144 rekolekcji zaczyna\u0142 si\u0119 Godzinkami ku czci Niepokalanego Pocz\u0119cia NMP, a ostatni by\u0142 dla parafian dniem osobistego zawierzenia Maryi.<br \/>\nRekolekcje zbieg\u0142y si\u0119 z uroczysto\u015bci\u0105 Niepokalanego Pocz\u0119cia NMP. Podczas wieczornej Mszy \u015bw. dzieci przygotowuj\u0105ce si\u0119 do przyj\u0119cia Pierwszej Komunii \u015bw. otrzyma\u0142y medaliki z wizerunkiem Niepokalanej oraz obrazki z modlitw\u0105. To by\u0142a wyj\u0105tkowa chwila, gdy przed o\u0142tarzem proboszcz ks. Piotr Sapi\u0144ski po\u015bwi\u0119ci\u0142 medaliki, a rodzice zak\u0142adali je na szyje swoich pociech. &#8211; Uwa\u017cam, \u017ce lepiej jest, je\u015bli dzieci otrzymaj\u0105 je teraz, gdy zgodnie z kalendarzem liturgicznym czcimy Niepokalan\u0105, ni\u017c w maju, podczas Pierwszej Komunii \u015bw. &#8211; m\u00f3wi ks. Piotr. Po Eucharystii mo\u017cna by\u0142o odda\u0107 cze\u015b\u0107 relikwiom \u015bw. Ludwika Marii Grignon de Montfort, kt\u00f3ry w centrum swojego apostolstwa postawi\u0142 kult Naj\u015bwi\u0119tszej Maryi Panny. Relikwie przywioz\u0142a s. Barbara ze Wsp\u00f3lnoty B\u0142ogos\u0142awie\u0144stw. Przyjecha\u0142a do Bobrownik z Medjugorja. Przez trzy dni rekolekcji g\u0142osi\u0142a nauki, tak\u017ce w miejscowej szkole podstawowej. Tam znalaz\u0142a pomocnik\u00f3w.<br \/>\nUczniowie, przygotowani przez katechetk\u0119 Agnieszk\u0119 Szyma\u0144sk\u0105, przedstawili w ko\u015bciele scenk\u0119 o Dawidzie i Goliacie. To by\u0142o wprowadzenie do nauki dla doros\u0142ych, a zarazem zach\u0119ta do cz\u0119stego czytania Pisma \u015awi\u0119tego. S. Barbara da\u0142 r\u00f3wnie\u017c \u015bwiadectwo swojego powo\u0142ania. &#8211; Maryja zawsze przyci\u0105ga nas do Chrystusa. Tu\u017c przed matur\u0105 m\u00f3j ksi\u0105dz katecheta mia\u0142 zwyczaj zawozi\u0107 ka\u017cd\u0105 klas\u0119 do Niepokalanowa, by\u015bmy oddali swoje \u017cycie Matce Bo\u017cej. Zachwyci\u0142am si\u0119 wtedy Niepokalan\u0105. Powiedzia\u0142am swoim sercem: &#8222;Ca\u0142a Twoja &#8211; &#8222;TotusTuus&#8221;.<\/p>\n<p style=\"text-align: right;\">\n<i>Marcin Kowalik<br \/>\ndziennikarz &#8222;Go\u015bcia \u0141owickiego&#8221;<\/i><\/p>\n<p>&nbsp;<\/p>\n<p>&nbsp;<\/p>\n","protected":false},"excerpt":{"rendered":"<p>Rekolekcje z Niepokalan\u0105 Na koniec rekolekcji adwentowych parafianie z Bobrownik zawierzyli swoje \u017cycie Maryi. Pod \u0141owiczem, w Bobrownikach, bije serce parafii Matki Bo\u017cej Jasnog\u00f3rskiej. To patronka nie tylko z nazwy &#8211; st\u0105d na pozosta\u0142e parafie w diecezji rozprzestrzeni\u0142o si\u0119 nabo\u017ce\u0144stwo fatimskie. Pr\u0119\u017cnie dzia\u0142a Rycerstwo Niepokalanej. Prze\u017cywaniu tegorocznego Adwentu towarzyszy has\u0142o na o\u0142tarzu: &#8222;Dziewica pocz\u0119\u0142a, Dziewica urodzi\u0142a, Dziewic\u0105 pozosta\u0142a&#8221;. Ka\u017cdy dzie\u0144<\/p>\n","protected":false},"author":1,"featured_media":0,"parent":0,"menu_order":0,"comment_status":"closed","ping_status":"closed","template":"","meta":{"footnotes":""},"class_list":["post-1175","page","type-page","status-publish","hentry"],"_links":{"self":[{"href":"https:\/\/parafiabobrowniki.\u200blowicz.\u200bpl\/index.php?rest_route=\/wp\/v2\/pages\/1175"}],"collection":[{"href":"https:\/\/parafiabobrowniki.\u200blowicz.\u200bpl\/index.php?rest_route=\/wp\/v2\/pages"}],"about":[{"href":"https:\/\/parafiabobrowniki.\u200blowicz.\u200bpl\/index.php?rest_route=\/wp\/v2\/types\/page"}],"author":[{"embeddable":true,"href":"https:\/\/parafiabobrowniki.\u200blowicz.\u200bpl\/index.php?rest_route=\/wp\/v2\/users\/1"}],"replies":[{"embeddable":true,"href":"https:\/\/parafiabobrowniki.\u200blowicz.\u200bpl\/index.php?rest_route=%2Fwp%2Fv2%2Fcomments&post=1175"}],"version-history":[{"count":2,"href":"https:\/\/parafiabobrowniki.\u200blowicz.\u200bpl\/index.php?rest_route=\/wp\/v2\/pages\/1175\/revisions"}],"predecessor-version":[{"id":4582,"href":"https:\/\/parafiabobrowniki.\u200blowicz.\u200bpl\/index.php?rest_route=\/wp\/v2\/pages\/1175\/revisions\/4582"}],"wp:attachment":[{"href":"https:\/\/parafiabobrowniki.\u200blowicz.\u200bpl\/index.php?rest_route=%2Fwp%2Fv2%2Fmedia&parent=1175"}],"curies":[{"name":"wp","href":"https:\/\/api.w.org\/{rel}","templated":true}]}}