{"id":1181,"date":"2018-01-22T22:39:28","date_gmt":"2018-01-22T21:39:28","guid":{"rendered":"http:\/\/parafiabobrowniki.\u200blowicz.\u200bpl\/?page_id=1181"},"modified":"2018-01-25T21:44:18","modified_gmt":"2018-01-25T20:44:18","slug":"prasa-kolana-jakos-wytrzymuja","status":"publish","type":"page","link":"https:\/\/parafiabobrowniki.\u200blowicz.\u200bpl\/?page_id=1181","title":{"rendered":"Prasa &#8211; Kolana jako\u015b wytrzymuj\u0105"},"content":{"rendered":"<p><strong>Jerycho R\u00f3\u017ca\u0144cowe w Bobrownikach<\/strong><br \/>\n<strong> Kolana jako\u015b wytrzymuj\u0105<\/strong><\/p>\n<p>&#8211; Ksi\u0105dz proboszcz, zawsze nam t\u0142umaczy, \u017ce czas po\u015bwiecony na modlitw\u0119 nie jest czasem straconym &#8211; m\u00f3wi Janina Owczarek.<br \/>\nJerycho R\u00f3\u017ca\u0144cowe w parafii Matki Bo\u017cej Jasnog\u00f3rskiej w Bobrownikach trwa jeden dzie\u0144. Zaczyna si\u0119 w pierwszy pi\u0105tek miesi\u0105ca Msz\u0105 \u015bw. wotywn\u0105 o Naj\u015bwi\u0119tszym Sercu Pana Jezusa. Po Eucharystii Naj\u015bwi\u0119tszy Sakrament procesyjnie przenoszony jest do kaplicy na plebanii. Tam jest adorowany przez wiernych.<\/p>\n<p><strong>Co godzin\u0119 zmiana<\/strong><br \/>\n&#8211; W parafii rozwini\u0119ty jest kult maryjny. Jerycho ko\u0144czy si\u0119 wi\u0119c nabo\u017ce\u0144stwem wynagradzaj\u0105cym Niepokalanemu Sercu Maryi i Msz\u0105 \u015bw. wotywn\u0105 o Matce Bo\u017cej. W ten spos\u00f3b \u0142\u0105czymy pierwsze pi\u0105tki i soboty miesi\u0105ca &#8211; m\u00f3wi ks. Piotr Sapi\u0144ski, proboszcz parafii w Bobrownikach.<br \/>\nInicjatywa Jerycha R\u00f3\u017ca\u0144cowego wysz\u0142a od parafian. Ca\u0142odobowe czuwanie raz w miesi\u0105cu przy Jezusie Eucharystycznym rozpocz\u0119li w marcu 2013 r. &#8211; Pierwsza propozycja by\u0142a taka, \u017ceby\u015bmy mieli godzinn\u0105 adoracj\u0119 przed spotkaniem grupy modlitewnej. Bo\u017cena Ma\u0142ecka, jedna z cz\u0142onki\u0144 grupy, zaproponowa\u0142a, \u017ceby przybra\u0142o to form\u0119 &#8222;Jerycha&#8221;. I tak si\u0119 sta\u0142o. Teraz nasza adoracja opleciona jest R\u00f3\u017ca\u0144cem &#8211; m\u00f3wi Agnieszka Szyma\u0144ska.<br \/>\nModlitwa r\u00f3\u017ca\u0144cowa to nieod\u0142\u0105czny element czuwania przy Naj\u015bwi\u0119tszym Sakramencie podczas &#8222;Jerycha&#8221;. Parafianka lub parafianin wpisuj\u0105c si\u0119 na list\u0119 podejmuje zobowi\u0105zanie, \u017ce odm\u00f3wi cz\u0119\u015b\u0107 R\u00f3\u017ca\u0144ca, a pozosta\u0142y czas do przyj\u015bcia kolejnej osoby po\u015bwi\u0119ci na adoracj\u0119, najcz\u0119\u015bciej w ciszy. Nast\u0119pna osoba odmawia kolejne 5 tajemnic r\u00f3\u017ca\u0144cowych i czuwa a\u017c do zmiany, kt\u00f3re odbywaj\u0105 si\u0119 co godzin\u0119.<br \/>\nCz\u0119\u015b\u0107 wiernych z parafii uczestniczy\u0142o w Jerychu ju\u017c wcze\u015bniej. Odbywa si\u0119 ono regularnie u oo. pijar\u00f3w w \u0141owiczu. &#8211; Je\u017adzi\u0142am tam o r\u00f3\u017cnych porach, czasami bez wpisywania si\u0119 na list\u0119 &#8211; m\u00f3wi J. Owczarek. &#8211; Moim marzeniem by\u0142o, \u017ceby takie &#8222;Jerycho&#8221; powsta\u0142o gdzie\u015b bli\u017cej. Nigdy nie przysz\u0142o mi na my\u015bl, \u017ce mo\u017ce to si\u0119 uda\u0107 w Bobrownikach. Obawia\u0142am si\u0119, \u017ce nie b\u0119dzie ch\u0119tnych, bo w por\u00f3wnaniu z miejskim parafiami, nasza jest mniej liczna, a ludzie maj\u0105 swoje domy maj\u0105 daleko od ko\u015bcio\u0142a. Jednak kiedy proboszczem zosta\u0142 ks. Sapi\u0144ski zacz\u0119\u0142y si\u0119 rozwija\u0107 grupy modlitewne. Ludzie si\u0119 zmobilizowali i powsta\u0142o &#8222;Jerycho&#8221;.<\/p>\n<p><strong>Czasem bez s\u0142\u00f3w<\/strong><br \/>\nTeraz zdarza si\u0119, \u017ce na dan\u0105 godzin\u0119 czuwania przychodzi nie jedna, a kilka os\u00f3b. &#8211; Ludzie pokochali to nabo\u017ce\u0144stwo. Czasami zagl\u0105dam do kaplicy oko\u0142o p\u00f3\u0142nocy. Pojawia si\u0119 wtedy grupa ok. 4-6 os\u00f3b, cho\u0107 tylko jedna zapisana jest jako dy\u017curuj\u0105ca &#8211; m\u00f3wi ks. Sapi\u0144ski.<br \/>\nSam te\u017c uczestniczy w Jerychu. &#8211; Mamy bardzo uduchowionego proboszcza, bardzo du\u017co si\u0119 modli i przez jego modlitw\u0119 zyskuje parafia. Zawsze nam t\u0142umaczy, \u017ce czas po\u015bwi\u0119cony na modlitw\u0119 nie jest czasem straconym. Mnie ta forma modlitwy wzbogaca duchowo. Daje mi poczucie wi\u0119kszej wi\u0119zi z Bogiem &#8211; m\u00f3wi J. Owczarek. Na adoracj\u0119 przychodzi razem z m\u0119\u017cem i c\u00f3rk\u0105.<br \/>\nR\u00f3wnie\u017c rodzinnie adoruj\u0105 Naj\u015bwi\u0119tszy Sakrament Genowefa Salamon i Bo\u017cena Wieczorek &#8211; matka i c\u00f3rka. Pani Genowefa ma ponad 80 lat. &#8211; Kolana jako\u015b wytrzymuj\u0105. Czasami wstan\u0119 i spaceruj\u0119 sobie po kaplicy &#8211; \u015bmieje si\u0119. &#8211; My z mam\u0105 wpisujemy si\u0119 na osobne dy\u017cury po godzinie, ale i tak czuwamy razem przez dwie, kt\u00f3re mijaj\u0105 nam bardzo szybko &#8211; wyja\u015bnia pani Bo\u017cena. &#8211; Trudno to opisa\u0107 s\u0142owami, co czuj\u0119 podczas adoracji, gdy wpatruj\u0119 si\u0119 w Hosti\u0119. Najpierw odmawiam R\u00f3\u017caniec, a p\u00f3\u017aniej jestem tylko ja i Pana B\u00f3g &#8211; dodaje.<br \/>\nAnna Tr\u0119bocha stara si\u0119 przychodzi\u0107 na adoracj\u0119 r\u00f3wnie\u017c z mam\u0105. &#8211; Wybieram r\u00f3\u017cne pory dnia i nocy. Patrz\u0119 na list\u0119 i wpisuje si\u0119 na t\u0119 godzin\u0119, na kt\u00f3rej jeszcze nie by\u0142am. Raz tylko opu\u015bci\u0142am Jerycho. Uczestniczy\u0142am w pielgrzymce i bardzo mi tego czuwania brakowa\u0142o. Nawet zapachu r\u00f3\u017c, kt\u00f3re rosn\u0105 przy plebanii &#8211; m\u00f3wi pani Anna.<br \/>\nW grupie adoruj\u0105cej wyr\u00f3\u017cnia si\u0119 Marian Kubel, bo wybiera g\u0142\u00f3wnie dy\u017cury nocne. &#8211; Jestem czcicielem Naj\u015bwi\u0119tszego Sakramentu. Nie pomin\u0105\u0142em dot\u0105d \u017cadnego Jerycha. Zazwyczaj przychodz\u0119 tu\u017c przed p\u00f3j\u015bciem spa\u0107 albo w \u015brodku nocy o 3.00. Zdarza si\u0119, \u017ce bior\u0119 r\u00f3wnie\u017c dodatkowy dy\u017cur przed po\u0142udniem nast\u0119pnego dnia. Nieraz adoruj\u0119 nic nie m\u00f3wi\u0105c. Bo modlitwa jest nie tylko wtedy, kiedy m\u00f3wimy do Boga, ale kiedy On m\u00f3wi do nas. Trzeba by\u0107 na to otwartym &#8211; m\u00f3wi.<br \/>\nZdarza si\u0119, \u017ce kto\u015b musi zosta\u0107 d\u0142u\u017cej na adoracji, bo w przyj\u015bciu na dy\u017cur kolejnej osobie przeszkodzi\u0142a pogoda lub sytuacja \u017cyciowa. &#8211; My nie odejdziemy, \u017ceby zostawi\u0107 samego Pana Jezusa &#8211; m\u00f3wi Alina Pacler, kt\u00f3ra uczestniczy\u0142a w ka\u017cdym Jerychu w parafii.<\/p>\n<p style=\"text-align: right;\"><i>Marcin Kowalik<br \/>\ndziennikarz &#8222;Go\u015bcia \u0141owickiego&#8221;<\/i><\/p>\n<p>&nbsp;<\/p>\n<p><img loading=\"lazy\" decoding=\"async\" class=\"size-full wp-image-1184 aligncenter\" src=\"http:\/\/parafiabobrowniki.\u200blowicz.\u200bpl\/wp-content\/uploads\/2018\/01\/jerycho03.jpg\" alt=\"\" width=\"640\" height=\"427\" srcset=\"https:\/\/parafiabobrowniki.\u200blowicz.\u200bpl\/wp-content\/uploads\/2018\/01\/jerycho03.jpg 640w, https:\/\/parafiabobrowniki.\u200blowicz.\u200bpl\/wp-content\/uploads\/2018\/01\/jerycho03-300x200.jpg 300w\" sizes=\"(max-width: 640px) 100vw, 640px\" \/> <img loading=\"lazy\" decoding=\"async\" class=\"size-full wp-image-1185 aligncenter\" src=\"http:\/\/parafiabobrowniki.\u200blowicz.\u200bpl\/wp-content\/uploads\/2018\/01\/jerycho04.jpg\" alt=\"\" width=\"640\" height=\"427\" srcset=\"https:\/\/parafiabobrowniki.\u200blowicz.\u200bpl\/wp-content\/uploads\/2018\/01\/jerycho04.jpg 640w, https:\/\/parafiabobrowniki.\u200blowicz.\u200bpl\/wp-content\/uploads\/2018\/01\/jerycho04-300x200.jpg 300w\" sizes=\"(max-width: 640px) 100vw, 640px\" \/> <img loading=\"lazy\" decoding=\"async\" class=\"size-full wp-image-1186 aligncenter\" src=\"http:\/\/parafiabobrowniki.\u200blowicz.\u200bpl\/wp-content\/uploads\/2018\/01\/jerycho05.jpg\" alt=\"\" width=\"640\" height=\"427\" srcset=\"https:\/\/parafiabobrowniki.\u200blowicz.\u200bpl\/wp-content\/uploads\/2018\/01\/jerycho05.jpg 640w, https:\/\/parafiabobrowniki.\u200blowicz.\u200bpl\/wp-content\/uploads\/2018\/01\/jerycho05-300x200.jpg 300w\" sizes=\"(max-width: 640px) 100vw, 640px\" \/> <img loading=\"lazy\" decoding=\"async\" class=\"size-full wp-image-1187 aligncenter\" src=\"http:\/\/parafiabobrowniki.\u200blowicz.\u200bpl\/wp-content\/uploads\/2018\/01\/jerycho06.jpg\" alt=\"\" width=\"640\" height=\"428\" srcset=\"https:\/\/parafiabobrowniki.\u200blowicz.\u200bpl\/wp-content\/uploads\/2018\/01\/jerycho06.jpg 640w, https:\/\/parafiabobrowniki.\u200blowicz.\u200bpl\/wp-content\/uploads\/2018\/01\/jerycho06-300x200.jpg 300w\" sizes=\"(max-width: 640px) 100vw, 640px\" \/><\/p>\n<p><img loading=\"lazy\" decoding=\"async\" class=\"size-full wp-image-1188 aligncenter\" src=\"http:\/\/parafiabobrowniki.\u200blowicz.\u200bpl\/wp-content\/uploads\/2018\/01\/jerycho08.jpg\" alt=\"\" width=\"640\" height=\"427\" srcset=\"https:\/\/parafiabobrowniki.\u200blowicz.\u200bpl\/wp-content\/uploads\/2018\/01\/jerycho08.jpg 640w, https:\/\/parafiabobrowniki.\u200blowicz.\u200bpl\/wp-content\/uploads\/2018\/01\/jerycho08-300x200.jpg 300w\" sizes=\"(max-width: 640px) 100vw, 640px\" \/> <img loading=\"lazy\" decoding=\"async\" class=\"size-full wp-image-1189 aligncenter\" src=\"http:\/\/parafiabobrowniki.\u200blowicz.\u200bpl\/wp-content\/uploads\/2018\/01\/jerycho09.jpg\" alt=\"\" width=\"640\" height=\"427\" srcset=\"https:\/\/parafiabobrowniki.\u200blowicz.\u200bpl\/wp-content\/uploads\/2018\/01\/jerycho09.jpg 640w, https:\/\/parafiabobrowniki.\u200blowicz.\u200bpl\/wp-content\/uploads\/2018\/01\/jerycho09-300x200.jpg 300w\" sizes=\"(max-width: 640px) 100vw, 640px\" \/> <img loading=\"lazy\" decoding=\"async\" class=\"size-full wp-image-1190 aligncenter\" src=\"http:\/\/parafiabobrowniki.\u200blowicz.\u200bpl\/wp-content\/uploads\/2018\/01\/jerycho10.jpg\" alt=\"\" width=\"640\" height=\"427\" srcset=\"https:\/\/parafiabobrowniki.\u200blowicz.\u200bpl\/wp-content\/uploads\/2018\/01\/jerycho10.jpg 640w, https:\/\/parafiabobrowniki.\u200blowicz.\u200bpl\/wp-content\/uploads\/2018\/01\/jerycho10-300x200.jpg 300w\" sizes=\"(max-width: 640px) 100vw, 640px\" \/> <img loading=\"lazy\" decoding=\"async\" class=\"size-full wp-image-1191 aligncenter\" src=\"http:\/\/parafiabobrowniki.\u200blowicz.\u200bpl\/wp-content\/uploads\/2018\/01\/jerycho12.jpg\" alt=\"\" width=\"640\" height=\"427\" srcset=\"https:\/\/parafiabobrowniki.\u200blowicz.\u200bpl\/wp-content\/uploads\/2018\/01\/jerycho12.jpg 640w, https:\/\/parafiabobrowniki.\u200blowicz.\u200bpl\/wp-content\/uploads\/2018\/01\/jerycho12-300x200.jpg 300w\" sizes=\"(max-width: 640px) 100vw, 640px\" \/><\/p>\n","protected":false},"excerpt":{"rendered":"<p>Jerycho R\u00f3\u017ca\u0144cowe w Bobrownikach Kolana jako\u015b wytrzymuj\u0105 &#8211; Ksi\u0105dz proboszcz, zawsze nam t\u0142umaczy, \u017ce czas po\u015bwiecony na modlitw\u0119 nie jest czasem straconym &#8211; m\u00f3wi Janina Owczarek. Jerycho R\u00f3\u017ca\u0144cowe w parafii Matki Bo\u017cej Jasnog\u00f3rskiej w Bobrownikach trwa jeden dzie\u0144. Zaczyna si\u0119 w pierwszy pi\u0105tek miesi\u0105ca Msz\u0105 \u015bw. wotywn\u0105 o Naj\u015bwi\u0119tszym Sercu Pana Jezusa. Po Eucharystii Naj\u015bwi\u0119tszy Sakrament procesyjnie przenoszony jest do<\/p>\n","protected":false},"author":1,"featured_media":0,"parent":0,"menu_order":0,"comment_status":"closed","ping_status":"closed","template":"","meta":{"footnotes":""},"class_list":["post-1181","page","type-page","status-publish","hentry"],"_links":{"self":[{"href":"https:\/\/parafiabobrowniki.\u200blowicz.\u200bpl\/index.php?rest_route=\/wp\/v2\/pages\/1181"}],"collection":[{"href":"https:\/\/parafiabobrowniki.\u200blowicz.\u200bpl\/index.php?rest_route=\/wp\/v2\/pages"}],"about":[{"href":"https:\/\/parafiabobrowniki.\u200blowicz.\u200bpl\/index.php?rest_route=\/wp\/v2\/types\/page"}],"author":[{"embeddable":true,"href":"https:\/\/parafiabobrowniki.\u200blowicz.\u200bpl\/index.php?rest_route=\/wp\/v2\/users\/1"}],"replies":[{"embeddable":true,"href":"https:\/\/parafiabobrowniki.\u200blowicz.\u200bpl\/index.php?rest_route=%2Fwp%2Fv2%2Fcomments&post=1181"}],"version-history":[{"count":5,"href":"https:\/\/parafiabobrowniki.\u200blowicz.\u200bpl\/index.php?rest_route=\/wp\/v2\/pages\/1181\/revisions"}],"predecessor-version":[{"id":1543,"href":"https:\/\/parafiabobrowniki.\u200blowicz.\u200bpl\/index.php?rest_route=\/wp\/v2\/pages\/1181\/revisions\/1543"}],"wp:attachment":[{"href":"https:\/\/parafiabobrowniki.\u200blowicz.\u200bpl\/index.php?rest_route=%2Fwp%2Fv2%2Fmedia&parent=1181"}],"curies":[{"name":"wp","href":"https:\/\/api.w.org\/{rel}","templated":true}]}}