{"id":1232,"date":"2018-01-23T22:41:31","date_gmt":"2018-01-23T21:41:31","guid":{"rendered":"http:\/\/parafiabobrowniki.\u200blowicz.\u200bpl\/?page_id=1232"},"modified":"2018-01-23T23:23:05","modified_gmt":"2018-01-23T22:23:05","slug":"prasa-zumba-dla-mikolaja-wszystkie-drzwi-otwarte","status":"publish","type":"page","link":"https:\/\/parafiabobrowniki.\u200blowicz.\u200bpl\/?page_id=1232","title":{"rendered":"Prasa &#8211; Zumba dla Miko\u0142aja &#8211; Wszystkie drzwi otwarte"},"content":{"rendered":"<p><em><b>Artyku\u0142 pochodzi z numeru 09\/2014 papierowego wydania &#8222;Go\u015bcia \u0141owickiego&#8221;<\/b><\/em><\/p>\n<p style=\"text-align: left;\"><strong>Zumba dla Miko\u0142aja<\/strong><\/p>\n<p>Ponad 500 os\u00f3b wspar\u0142o chorego na bia\u0142aczk\u0119 3-letniego Miko\u0142aja Gacia &#8222;Charytatywn\u0105 zumb\u0119 dla Miko\u0142aja&#8221; w Bobrownikach zorganizowa\u0142a ciocia ch\u0142opca, Anna Ga\u0107 wraz ze swoim m\u0119\u017cem, Bogdanem. Patrz\u0105c od wielu miesi\u0119cy na leczenie, cierpienie i wysi\u0142ek ma\u0142ego pacjenta i jego rodziny postanowili zebra\u0107 pieni\u0105dze na rehabilitacj\u0119 potrzebn\u0105 po powrocie ze szpitala. Mia\u0142a by\u0107 to standardowa impreza z zumb\u0105 w roli g\u0142\u00f3wnej &#8211; 3 godz. ta\u0144ca, nic wi\u0119cej. Okaza\u0142o si\u0119 jednak, \u017ce taneczne spotkanie z 23 lutego (w Mi\u0119dzynarodowy Dzie\u0144 Pomocy Potrzebuj\u0105cym) zamieni\u0142o si\u0119 w du\u017c\u0105, rodzinn\u0105 imprez\u0119. A wszystko to za spraw\u0105 mieszka\u0144c\u00f3w Bobrownik, kt\u00f3rzy zapragn\u0119li do\u0142o\u017cy\u0107 swoje 3 grosze i wspom\u00f3c w ten spos\u00f3b Miko\u0142aja i jego rodzin\u0119. Zumba fitness, zumba gold, zumba kids, przeja\u017cd\u017cki quadami, prezentacja woz\u00f3w stra\u017cackich, pokaz kwalifikowanej pierwszej pomocy, k\u0105cik zabaw dla dzieci, malowanie twarzy, przek\u0105ski, owoce i napoje, a na koniec wielki ognisko z kie\u0142baskami &#8211; to wszystko wynik niesamowitej solidarno\u015bci i ofiarno\u015bci, jakimi wykazali si\u0119 mieszka\u0144cy Boborownik. &#8211; Jestem pod wra\u017ceniem tej imprezy &#8211; opowiada Wiktoria Michalska. &#8211; Sama zumba by\u0142aby zaadresowana do do\u015b\u0107 ograniczonej liczby os\u00f3b, a dzi\u0119ki pozosta\u0142ym atrakcjom przysz\u0142y ca\u0142e rodziny. Natomiast wiadomo\u015b\u0107 o tym, \u017ce imprez\u0119 zorganizowali s\u0105siedzi i znajomi rodziny Miko\u0142aja wywo\u0142a\u0142a we mnie g\u0142\u0119bokie wzruszenie &#8211; dodaje pani Wiktoria, kt\u00f3ra niedzielne popo\u0142udnie w Bobrownikach sp\u0119dzi\u0142a z m\u0119\u017cem i c\u00f3rk\u0105. Wi\u0119cej informacji na temat &#8222;Charytatywnej Zumby dla Miko\u0142aja&#8221; w papierowym wydaniu &#8222;Go\u015bcia \u0141owickiego&#8221;.<\/p>\n<p><strong><big>Wszystkie drzwi otwarte<\/big><\/strong><\/p>\n<p>&#8211; Nie spodziewali\u015bmy, \u017ce spotkamy tak wielu wspania\u0142ych ludzi, kt\u00f3rzy pomagaj\u0105, jak tylko potrafi\u0105 &#8211; m\u00f3wi Anna Ga\u0107.<\/p>\n<p>Opowie\u015bci starszych ludzi o czasach, w kt\u00f3rych wszyscy mieszka\u0144cy miejscowo\u015bci znali si\u0119 i pomagali sobie wzajemnie, budz\u0105 niekiedy t\u0119sknot\u0119 i \u017cal za utraconym. W dobie wielkich blokowisk, ochrony danych osobowych i wci\u0105\u017c zwi\u0119kszaj\u0105cej si\u0119 anonimowo\u015bci zdarza si\u0119, \u017ce najbli\u017csi s\u0105siedzi nie znaj\u0105 swoich imion, o k\u0142opotach dnia codziennego nie wspominaj\u0105c. Na szcz\u0119\u015bcie s\u0105 jeszcze miejsca, w kt\u00f3rych w obliczu cierpienia s\u0105siada ca\u0142a spo\u0142eczno\u015b\u0107 zwiera szyki i pomaga w najrozmaitszy spos\u00f3b. Przyk\u0142adem tego s\u0105 Bobrowniki, gdzie planowana &#8222;Charytatywna Zumba dla Miko\u0142aja&#8221; przerodzi\u0142a si\u0119 w du\u017c\u0105 imprez\u0119 rodzinn\u0105.<\/p>\n<p><strong>Od rozpaczy do dzia\u0142ania<\/strong><\/p>\n<p>&#8222;Miko\u0142aj jest wspania\u0142ym, u\u015bmiechni\u0119tym i tryskaj\u0105cym \u017cyciem ch\u0142opcem. (&#8230;) R\u00f3s\u0142 i rozwija\u0142 si\u0119 wspaniale. Przyjemno\u015bci\u0105 by\u0142o przebywanie z nim. (&#8230;) Nie chorowa\u0142 wiele, omin\u0119\u0142y nas przypad\u0142o\u015bci wieku niemowl\u0119cego &#8211; kolki, nocne p\u0142acze. I nagle przesta\u0142 chodzi\u0107&#8230; Zachorowa\u0142 na bia\u0142aczk\u0119&#8221; &#8211; ten tekst mamy Miko\u0142aja z pro\u015bb\u0105 o pomoc od kilku dni kr\u0105\u017cy w internecie. Jako jeden z tysi\u0105ca. Wielu z nas ju\u017c nawet nie czyta podobnych komunikat\u00f3w, zastanawiaj\u0105c si\u0119, czy s\u0105 prawdziwe. Jednak akcja maj\u0105ca na celu zebranie pieni\u0119dzy na rehabilitacj\u0119 3-latka z Bobrownik nabra\u0142a rozmachu. &#8211; Przez wiele miesi\u0119cy widzia\u0142am, jak Miko\u0142aj i ca\u0142a jego rodzina cierpi\u0105 &#8211; opowiada Anna Ga\u0107, ciocia. &#8211; W sierpniu ub. roku rozpoznano bia\u0142aczk\u0119 i od tego czasu \u017cycie ma\u0142ego i jego rodzic\u00f3w kr\u0119ci si\u0119 wok\u00f3\u0142 chemioterapii, leczenia sterydami, ci\u0105g\u0142ych wyjazd\u00f3w do \u0141odzi i chronienia dziecka przed jakimikolwiek zarazkami. Patrzy\u0142am z ogromnym podziwem na hart ducha Miko\u0142aja i na waleczno\u015b\u0107 Kasi i Jacka. I zupe\u0142nie nie wiedzia\u0142am, jak im pom\u00f3c &#8211; opowiada. Kiedy na Facebooku pojawi\u0142a si\u0119 notatka z pro\u015bb\u0105 o wp\u0142aty, pani Anna i jej m\u0105\u017c Bogdan odebrali j\u0105 jako zielone \u015bwiat\u0142o do tego, by szuka\u0107 pieni\u0119dzy na rehabilitacj\u0119 ma\u0142ego pacjenta. &#8211; Od razu pomy\u015bla\u0142am o charytatywnej zumbie. \u0106wicz\u0119 j\u0105 na co dzie\u0144, a do tego cz\u0119sto bywam na takich imprezach i wiem, \u017ce si\u0119 sprawdzaj\u0105. Nie s\u0105dzi\u0142am jednak, \u017ce z 3-godzinnego fitnessu zrobi si\u0119 du\u017ca, rodzinna impreza&#8230;<\/p>\n<p><strong>Lawina pomocy<\/strong><\/p>\n<p>&#8222;Charytatywn\u0105 Zumb\u0119 dla Miko\u0142aja&#8221; zaplanowano na 23 lutego. 3 godziny dobrej zabawy. Standard. Okaza\u0142o si\u0119 jednak, \u017ce na tym nie koniec. &#8211; Najpierw uda\u0142am si\u0119 do Gabrysi Ma\u0142yszko, instruktorki fitness. Ona od razu zgodzi\u0142a si\u0119 pom\u00f3c i zorganizowa\u0142a&#8230; 4 innych instruktor\u00f3w z r\u00f3\u017cnych miejscowo\u015bci. To by\u0142o pierwsze pozytywne zaskoczenie. Kolejne posypa\u0142y si\u0119 lawinowo &#8211; m\u00f3wi z zachwytem pani Anna. Gdy opowiedzia\u0142a kole\u017cankom o swoim pomy\u015ble, te postanowi\u0142y upiec ciasta jako podzi\u0119kowanie dla prowadz\u0105cych zaj\u0119cia. Trzeba te\u017c by\u0142o pomy\u015ble\u0107 o wynaj\u0119ciu sali od stra\u017cak\u00f3w. Ci na wie\u015b\u0107 o akcji postanowili do\u0142o\u017cy\u0107 swoje trzy grosze. &#8211; Zapewnili\u015bmy miejsce, pokaz kwalifikowanej pierwszej pomocy, przeja\u017cd\u017ck\u0119 quadami, prezentacj\u0119 sprz\u0119tu stra\u017cackiego i naszych woz\u00f3w, a na koniec wielkie ognisko &#8211; wymienia \u0141ukasz Domi\u0144czak, stra\u017cak OSP w Bobrownikach. &#8211; Dlaczego to zrobili\u015bmy? To oczywiste. Naszym zadaniem jest pomoc drugiemu cz\u0142owiekowi. Akurat w tym przypadku nie trzeba by\u0142o wyjecha\u0107 na sygnale, ale potrzebne by\u0142o takie w\u0142a\u015bnie dzia\u0142anie. Gdy miejscowi zobaczyli rozwieszone plakaty (wydrukowane r\u00f3wnie\u017c za darmo), w ci\u0105gu kilku godzin znalaz\u0142y si\u0119 napoje, owoce, 20 kg kie\u0142basy, jogurty i inne przek\u0105ski. Szko\u0142a udost\u0119pni\u0142a swoje materia\u0142y, z kt\u00f3rych przygotowany by\u0142 k\u0105cik dla dzieci, a motocykli\u015bci z &#8222;\u017belaznego Or\u0142a&#8221; przyjechali pom\u00f3c. Nawet proboszcz ks. Piotr Sapi\u0144ski og\u0142osi\u0142 akcj\u0119 z ambony, wpl\u00f3t\u0142 informacj\u0119 w niedzielne kazanie i z\u0142o\u017cy\u0142 datek do puszki. &#8211; Trudno wyrazi\u0107 nasze wzruszenie tak\u0105 hojno\u015bci\u0105 i dobroci\u0105 innych &#8211; m\u00f3wi g\u0142\u00f3wna organizatorka. &#8211; Nie mog\u0119 tu zapomnie\u0107 o w\u00f3jcie gminy Niebor\u00f3w Andrzeju Werlem, kt\u00f3ry ogromnie pom\u00f3g\u0142 nam w wype\u0142nianiu potrzebnych dokument\u00f3w, za\u0142o\u017ceniu komitetu organizacyjnego i innych formalno\u015bciach. Na drodze naszych przygotowa\u0144 nie spotkali\u015bmy si\u0119 z \u017cadn\u0105 odmow\u0105, z \u017cadnymi trudno\u015bciami, a wszystkie drzwi by\u0142y otwarte. Najlepszym dowodem na to jest fakt, \u017ce zacz\u0119li\u015bmy organizacj\u0119 w czwartek wieczorem, a w poniedzia\u0142ek wszystko by\u0142o gotowe. To niesamowite, jak wiele serca okazano nam i Miko\u0142ajowi. I wydaje si\u0119, \u017ce mieszka\u0144cy Bobrownik tacy te\u017c s\u0105 na co dzie\u0144. &#8211; Prowadz\u0119 zaj\u0119cia w wielu miejscowo\u015bciach, ale nigdzie nie spotka\u0142am si\u0119 z tak\u0105 szczero\u015bci\u0105, \u017cyczliwo\u015bci\u0105 i otwarto\u015bci\u0105 jak tam &#8211; m\u00f3wi G. Ma\u0142yszko. &#8211; Kiedy przekraczam pr\u00f3g ich sali, mam wra\u017cenie, jakbym przenosi\u0142a si\u0119 w inne miejsce Polski. Starsze panie traktuj\u0105 mnie jak c\u00f3rk\u0119, m\u0142odsze jak siostr\u0119. Nie dziwi mnie, \u017ce mieszka\u0144cy tak bardzo si\u0119 zaanga\u017cowali, bo znam ich w\u0142a\u015bnie takich. Marz\u0119 o tym, \u017ceby kiedy\u015b przeprowadzi\u0107 si\u0119 w ich strony.<\/p>\n<p style=\"text-align: right;\"><i>Monika Augustyniak<\/i><\/p>\n<p>&nbsp;<\/p>\n<p><img loading=\"lazy\" decoding=\"async\" class=\"size-full wp-image-1236 aligncenter\" src=\"http:\/\/parafiabobrowniki.\u200blowicz.\u200bpl\/wp-content\/uploads\/2018\/01\/zumba01.jpg\" alt=\"\" width=\"640\" height=\"425\" srcset=\"https:\/\/parafiabobrowniki.\u200blowicz.\u200bpl\/wp-content\/uploads\/2018\/01\/zumba01.jpg 640w, https:\/\/parafiabobrowniki.\u200blowicz.\u200bpl\/wp-content\/uploads\/2018\/01\/zumba01-300x200.jpg 300w\" sizes=\"(max-width: 640px) 100vw, 640px\" \/><\/p>\n<p><img loading=\"lazy\" decoding=\"async\" class=\"size-full wp-image-1237 aligncenter\" src=\"http:\/\/parafiabobrowniki.\u200blowicz.\u200bpl\/wp-content\/uploads\/2018\/01\/zumba02.jpg\" alt=\"\" width=\"640\" height=\"425\" srcset=\"https:\/\/parafiabobrowniki.\u200blowicz.\u200bpl\/wp-content\/uploads\/2018\/01\/zumba02.jpg 640w, https:\/\/parafiabobrowniki.\u200blowicz.\u200bpl\/wp-content\/uploads\/2018\/01\/zumba02-300x200.jpg 300w\" sizes=\"(max-width: 640px) 100vw, 640px\" \/><\/p>\n<p><img loading=\"lazy\" decoding=\"async\" class=\"size-full wp-image-1238 aligncenter\" src=\"http:\/\/parafiabobrowniki.\u200blowicz.\u200bpl\/wp-content\/uploads\/2018\/01\/zumba03.jpg\" alt=\"\" width=\"640\" height=\"425\" srcset=\"https:\/\/parafiabobrowniki.\u200blowicz.\u200bpl\/wp-content\/uploads\/2018\/01\/zumba03.jpg 640w, https:\/\/parafiabobrowniki.\u200blowicz.\u200bpl\/wp-content\/uploads\/2018\/01\/zumba03-300x200.jpg 300w\" sizes=\"(max-width: 640px) 100vw, 640px\" \/><\/p>\n<p><img loading=\"lazy\" decoding=\"async\" class=\"size-full wp-image-1239 aligncenter\" src=\"http:\/\/parafiabobrowniki.\u200blowicz.\u200bpl\/wp-content\/uploads\/2018\/01\/zumba04.jpg\" alt=\"\" width=\"640\" height=\"425\" srcset=\"https:\/\/parafiabobrowniki.\u200blowicz.\u200bpl\/wp-content\/uploads\/2018\/01\/zumba04.jpg 640w, https:\/\/parafiabobrowniki.\u200blowicz.\u200bpl\/wp-content\/uploads\/2018\/01\/zumba04-300x200.jpg 300w\" sizes=\"(max-width: 640px) 100vw, 640px\" \/><\/p>\n<p><img loading=\"lazy\" decoding=\"async\" class=\"size-full wp-image-1240 aligncenter\" src=\"http:\/\/parafiabobrowniki.\u200blowicz.\u200bpl\/wp-content\/uploads\/2018\/01\/zumba05.jpg\" alt=\"\" width=\"640\" height=\"425\" srcset=\"https:\/\/parafiabobrowniki.\u200blowicz.\u200bpl\/wp-content\/uploads\/2018\/01\/zumba05.jpg 640w, https:\/\/parafiabobrowniki.\u200blowicz.\u200bpl\/wp-content\/uploads\/2018\/01\/zumba05-300x200.jpg 300w\" sizes=\"(max-width: 640px) 100vw, 640px\" \/><\/p>\n<p><img loading=\"lazy\" decoding=\"async\" class=\"size-full wp-image-1241 aligncenter\" src=\"http:\/\/parafiabobrowniki.\u200blowicz.\u200bpl\/wp-content\/uploads\/2018\/01\/zumba06.jpg\" alt=\"\" width=\"640\" height=\"425\" srcset=\"https:\/\/parafiabobrowniki.\u200blowicz.\u200bpl\/wp-content\/uploads\/2018\/01\/zumba06.jpg 640w, https:\/\/parafiabobrowniki.\u200blowicz.\u200bpl\/wp-content\/uploads\/2018\/01\/zumba06-300x200.jpg 300w\" sizes=\"(max-width: 640px) 100vw, 640px\" \/><\/p>\n<p><img loading=\"lazy\" decoding=\"async\" class=\"size-full wp-image-1242 aligncenter\" src=\"http:\/\/parafiabobrowniki.\u200blowicz.\u200bpl\/wp-content\/uploads\/2018\/01\/zumba07.jpg\" alt=\"\" width=\"640\" height=\"425\" srcset=\"https:\/\/parafiabobrowniki.\u200blowicz.\u200bpl\/wp-content\/uploads\/2018\/01\/zumba07.jpg 640w, https:\/\/parafiabobrowniki.\u200blowicz.\u200bpl\/wp-content\/uploads\/2018\/01\/zumba07-300x200.jpg 300w\" sizes=\"(max-width: 640px) 100vw, 640px\" \/><\/p>\n<p><img loading=\"lazy\" decoding=\"async\" class=\"size-full wp-image-1244 aligncenter\" src=\"http:\/\/parafiabobrowniki.\u200blowicz.\u200bpl\/wp-content\/uploads\/2018\/01\/zumba09.jpg\" alt=\"\" width=\"640\" height=\"425\" srcset=\"https:\/\/parafiabobrowniki.\u200blowicz.\u200bpl\/wp-content\/uploads\/2018\/01\/zumba09.jpg 640w, https:\/\/parafiabobrowniki.\u200blowicz.\u200bpl\/wp-content\/uploads\/2018\/01\/zumba09-300x200.jpg 300w\" sizes=\"(max-width: 640px) 100vw, 640px\" \/><\/p>\n<p><img loading=\"lazy\" decoding=\"async\" class=\"size-full wp-image-1245 aligncenter\" src=\"http:\/\/parafiabobrowniki.\u200blowicz.\u200bpl\/wp-content\/uploads\/2018\/01\/zumba10.jpg\" alt=\"\" width=\"640\" height=\"425\" srcset=\"https:\/\/parafiabobrowniki.\u200blowicz.\u200bpl\/wp-content\/uploads\/2018\/01\/zumba10.jpg 640w, https:\/\/parafiabobrowniki.\u200blowicz.\u200bpl\/wp-content\/uploads\/2018\/01\/zumba10-300x200.jpg 300w\" sizes=\"(max-width: 640px) 100vw, 640px\" \/><\/p>\n<p><img loading=\"lazy\" decoding=\"async\" class=\"size-full wp-image-1246 aligncenter\" src=\"http:\/\/parafiabobrowniki.\u200blowicz.\u200bpl\/wp-content\/uploads\/2018\/01\/zumba11.jpg\" alt=\"\" width=\"640\" height=\"425\" srcset=\"https:\/\/parafiabobrowniki.\u200blowicz.\u200bpl\/wp-content\/uploads\/2018\/01\/zumba11.jpg 640w, https:\/\/parafiabobrowniki.\u200blowicz.\u200bpl\/wp-content\/uploads\/2018\/01\/zumba11-300x200.jpg 300w\" sizes=\"(max-width: 640px) 100vw, 640px\" \/><\/p>\n<p><img loading=\"lazy\" decoding=\"async\" class=\"size-full wp-image-1247 aligncenter\" src=\"http:\/\/parafiabobrowniki.\u200blowicz.\u200bpl\/wp-content\/uploads\/2018\/01\/zumba12.jpg\" alt=\"\" width=\"640\" height=\"425\" srcset=\"https:\/\/parafiabobrowniki.\u200blowicz.\u200bpl\/wp-content\/uploads\/2018\/01\/zumba12.jpg 640w, https:\/\/parafiabobrowniki.\u200blowicz.\u200bpl\/wp-content\/uploads\/2018\/01\/zumba12-300x200.jpg 300w\" sizes=\"(max-width: 640px) 100vw, 640px\" \/><\/p>\n<p><img loading=\"lazy\" decoding=\"async\" class=\"size-full wp-image-1248 aligncenter\" src=\"http:\/\/parafiabobrowniki.\u200blowicz.\u200bpl\/wp-content\/uploads\/2018\/01\/zumba13.jpg\" alt=\"\" width=\"640\" height=\"425\" srcset=\"https:\/\/parafiabobrowniki.\u200blowicz.\u200bpl\/wp-content\/uploads\/2018\/01\/zumba13.jpg 640w, https:\/\/parafiabobrowniki.\u200blowicz.\u200bpl\/wp-content\/uploads\/2018\/01\/zumba13-300x200.jpg 300w\" sizes=\"(max-width: 640px) 100vw, 640px\" \/><\/p>\n","protected":false},"excerpt":{"rendered":"<p>Artyku\u0142 pochodzi z numeru 09\/2014 papierowego wydania &#8222;Go\u015bcia \u0141owickiego&#8221; Zumba dla Miko\u0142aja Ponad 500 os\u00f3b wspar\u0142o chorego na bia\u0142aczk\u0119 3-letniego Miko\u0142aja Gacia &#8222;Charytatywn\u0105 zumb\u0119 dla Miko\u0142aja&#8221; w Bobrownikach zorganizowa\u0142a ciocia ch\u0142opca, Anna Ga\u0107 wraz ze swoim m\u0119\u017cem, Bogdanem. Patrz\u0105c od wielu miesi\u0119cy na leczenie, cierpienie i wysi\u0142ek ma\u0142ego pacjenta i jego rodziny postanowili zebra\u0107 pieni\u0105dze na rehabilitacj\u0119 potrzebn\u0105 po powrocie<\/p>\n","protected":false},"author":1,"featured_media":0,"parent":0,"menu_order":0,"comment_status":"closed","ping_status":"closed","template":"","meta":{"footnotes":""},"class_list":["post-1232","page","type-page","status-publish","hentry"],"_links":{"self":[{"href":"https:\/\/parafiabobrowniki.\u200blowicz.\u200bpl\/index.php?rest_route=\/wp\/v2\/pages\/1232"}],"collection":[{"href":"https:\/\/parafiabobrowniki.\u200blowicz.\u200bpl\/index.php?rest_route=\/wp\/v2\/pages"}],"about":[{"href":"https:\/\/parafiabobrowniki.\u200blowicz.\u200bpl\/index.php?rest_route=\/wp\/v2\/types\/page"}],"author":[{"embeddable":true,"href":"https:\/\/parafiabobrowniki.\u200blowicz.\u200bpl\/index.php?rest_route=\/wp\/v2\/users\/1"}],"replies":[{"embeddable":true,"href":"https:\/\/parafiabobrowniki.\u200blowicz.\u200bpl\/index.php?rest_route=%2Fwp%2Fv2%2Fcomments&post=1232"}],"version-history":[{"count":5,"href":"https:\/\/parafiabobrowniki.\u200blowicz.\u200bpl\/index.php?rest_route=\/wp\/v2\/pages\/1232\/revisions"}],"predecessor-version":[{"id":1252,"href":"https:\/\/parafiabobrowniki.\u200blowicz.\u200bpl\/index.php?rest_route=\/wp\/v2\/pages\/1232\/revisions\/1252"}],"wp:attachment":[{"href":"https:\/\/parafiabobrowniki.\u200blowicz.\u200bpl\/index.php?rest_route=%2Fwp%2Fv2%2Fmedia&parent=1232"}],"curies":[{"name":"wp","href":"https:\/\/api.w.org\/{rel}","templated":true}]}}