{"id":410,"date":"2018-01-09T14:15:03","date_gmt":"2018-01-09T13:15:03","guid":{"rendered":"http:\/\/bobrowniki.o12.pl\/?page_id=410"},"modified":"2019-08-20T13:17:35","modified_gmt":"2019-08-20T11:17:35","slug":"artykuly-z-prasy-i-internetu","status":"publish","type":"page","link":"https:\/\/parafiabobrowniki.\u200blowicz.\u200bpl\/?page_id=410","title":{"rendered":"Artyku\u0142y z prasy i internetu"},"content":{"rendered":"<p><a href=\"http:\/\/lowicz.gosc.pl\/doc\/4371871.Proboszcz-zostal-rycerzem\" target=\"_blank\" rel=\"noopener noreferrer\">2017-12-14 \/ Go\u015b\u0107 \u0141owicki &#8211; <em><strong>Proboszcz zosta\u0142 rycerzem<\/strong><\/em><\/a><\/p>\n<p><a href=\"http:\/\/lowicz.gosc.pl\/doc\/4267616.Jan-Pawel-II-przyszedl-w-maryjnym-pazdzierniku\" target=\"_blank\" rel=\"noopener noreferrer\">2017-10-22 \/ Go\u015b\u0107\u00a0\u0141owicki &#8211; <em><strong>Jan Pawe\u0142 II przyszed\u0142 w maryjnym pa\u017adzierniku<\/strong><\/em><\/a><\/p>\n<p><a href=\"http:\/\/lowicz.gosc.pl\/gal\/spis\/3972173.Powitanie-ikony-MB-Czestochowskiej-w-Bobrownikach\" target=\"_blank\" rel=\"noopener noreferrer\">2017-06-13 \/ Go\u015b\u0107 \u0141owicki &#8211; <em><strong>Powitanie ikony MB Cz\u0119stochowskiej w Bobrownikach<\/strong> [foto]<\/em><\/a><\/p>\n<p><a href=\"http:\/\/lowicz.gosc.pl\/doc\/3972669.Maryjo-zostan-z-nami\" target=\"_blank\" rel=\"noopener noreferrer\">2017-06-13 \/ Go\u015b\u0107 \u0141owicki &#8211;\u00a0<em><strong>Maryjo, zosta\u0144 z nami&#8230;<\/strong><\/em><\/a><\/p>\n<p><a href=\"http:\/\/parafiabobrowniki.lowicz.pl\/wp-content\/uploads\/2018\/01\/wycieczka2015.pdf\" target=\"_blank\" rel=\"noopener noreferrer\">2015.11 \/ Go\u015b\u0107 \u0141owicki &#8211; <strong><em>&#8222;Gor\u0105ca czekolada u \u015bw. Faustyny&#8221; &#8211; wycieczka dzieci i m\u0142odzie\u017cy z Bobrownik<\/em><\/strong><\/a><\/p>\n<p><a href=\"http:\/\/bobrowniki.o12.pl\/wp-content\/uploads\/2018\/01\/wycieczka2015.pdf\" target=\"_blank\" rel=\"noopener noreferrer\">2015.11 <\/a><a href=\"http:\/\/parafiabobrowniki.\u200blowicz.\u200bpl\/wp-content\/uploads\/2018\/01\/kolejarze2015.pdf\" target=\"_blank\" rel=\"noopener noreferrer\"> \/ Go\u015b\u0107 \u0141owicki &#8211; <strong><em><b>&#8222;Symbole najszlachetniejsze&#8221; &#8211; Duszpasterstwo Kolejarzy w Bobrownikach<\/b><\/em><\/strong><\/a><\/p>\n<p><a href=\"http:\/\/parafiabobrowniki.\u200blowicz.\u200bpl\/wp-content\/uploads\/2018\/01\/placzabaw.pdf\" target=\"_blank\" rel=\"noopener noreferrer\">2015.08 \/ Go\u015b\u0107 \u0141owicki &#8211; <em><strong>&#8222;Rakieta zamiast myszki&#8221;<\/strong><\/em><\/a><\/p>\n<p><a href=\"https:\/\/www.youtube.com\/watch?v=c5DhNpWzZ28\" target=\"_blank\" rel=\"noopener noreferrer\">2015.04.13 \/ Nowy \u0141owiczanin &#8211; <em><strong>Chodzenie z gaikiem w Bobrownikach<\/strong><\/em><\/a><\/p>\n<p><a href=\"http:\/\/parafiabobrowniki.\u200blowicz.\u200bpl\/?page_id=1166(otworzy si\u0119 w nowej zak\u0142adce)\" target=\"_blank\" rel=\"noopener noreferrer\" data-wplink-url-error=\"true\"> 2015.01.06 \/\u00a0Go\u015b\u0107 \u0141owicki &#8211; &#8222;<strong><em>S\u0142odkie kol\u0119dowanie&#8221;<\/em><\/strong><\/a><\/p>\n<p><a href=\"http:\/\/parafiabobrowniki.\u200blowicz.\u200bpl\/?page_id=1175\" target=\"_blank\" rel=\"noopener noreferrer\">2014.12.08 \/\u00a0Go\u015b\u0107 \u0141owicki &#8211; <em><strong>&#8222;Rekolekcje z Niepokalan\u0105&#8221;<\/strong><\/em><\/a><\/p>\n<p><a href=\"http:\/\/lowicz.gosc.pl\/doc\/2223296.Z-pomoca-biskupow\" target=\"_blank\" rel=\"noopener noreferrer\">2014.10.29 \/ Go\u015b\u0107 \u0141owicki &#8211; <em><strong>&#8222;Z pomoc\u0105 biskup\u00f3w&#8221;<\/strong><\/em><\/a><\/p>\n<p><a href=\"http:\/\/parafiabobrowniki.\u200blowicz.\u200bpl\/?page_id=1181(otworzy si\u0119 w nowej zak\u0142adce)\" target=\"_blank\" rel=\"noopener noreferrer\" data-wplink-url-error=\"true\">2014.10.03 \/\u00a0Go\u015b\u0107 \u0141owicki &#8211; <em><strong><b>Jerycho R\u00f3\u017ca\u0144cowe w Bobrownikach &#8211; &#8222;Kolana jako\u015b wytrzymuj\u0105&#8221;<\/b><\/strong><\/em><\/a><\/p>\n<p><a href=\"http:\/\/lowicz.gosc.pl\/doc\/2101172.Wytchnienie-przy-Ukrzyzowanym\" target=\"_blank\" rel=\"noopener noreferrer\">2014.07.31 \/\u00a0Go\u015b\u0107 \u0141owicki &#8211; <em><strong>&#8222;Wytchnienie przy Ukrzy\u017cowanym&#8221;<\/strong><\/em><\/a><\/p>\n<p><a href=\"http:\/\/gosc.pl\/doc\/1961307.Bog-chodzi-z-choragwia\" target=\"_blank\" rel=\"noopener noreferrer\">2014.04.17 \/\u00a0Go\u015b\u0107 \u0141owicki &#8211; <strong><em>&#8222;B\u00f3g chodzi z chor\u0105gwi\u0105&#8221;<\/em><\/strong><\/a><\/p>\n<p><a href=\"http:\/\/parafiabobrowniki.\u200blowicz.\u200bpl\/?page_id=1232\" target=\"_blank\" rel=\"noopener noreferrer\">2014.03 \/ Go\u015b\u0107 \u0141owicki &#8211;\u00a0 <em><strong>Zumba dla Miko\u0142aja &#8211; Wszystkie drzwi otwarte<\/strong><\/em><\/a><\/p>\n<p><a href=\"http:\/\/gosc.pl\/doc\/1923936.Babcia-razem-z-wnuczka\" target=\"_blank\" rel=\"noopener noreferrer\">2014.03.20 \/ Go\u015b\u0107 \u0141owicki\u00a0 &#8211; <em><strong>&#8222;Babcia razem z wnuczk\u0105&#8221;<\/strong><\/em><\/a><\/p>\n<p><a href=\"http:\/\/gosc.pl\/doc\/1916093.Dekalog-na-smietniku\" target=\"_blank\" rel=\"noopener noreferrer\">2014.03.13 \/ Go\u015b\u0107 \u0141owicki &#8211; <strong><em>&#8222;Dekalog na \u015bmietniku&#8221;<\/em><\/strong><\/a><\/p>\n<p><a href=\"http:\/\/lowicz.gosc.pl\/doc\/1917828.Wymodla-misjonarza\" target=\"_blank\" rel=\"noopener noreferrer\">2014.03.12 \/ Go\u015b\u0107 \u0141owicki\u00a0 &#8211; <em><strong>&#8222;Wymodl\u0105 misjonarza&#8221;?<\/strong><\/em><\/a><\/p>\n<p><a href=\"http:\/\/lowicz.gosc.pl\/doc\/1908982.Lotr-z-Medjugorja\" target=\"_blank\" rel=\"noopener noreferrer\">2014.03.05 \/ Go\u015b\u0107 \u0141owicki\u00a0&#8211; <strong><em>&#8222;\u0141otr z Medjugorja&#8221;<\/em><\/strong><\/a><\/p>\n<p><a href=\"http:\/\/gosc.pl\/doc\/1849481.Pierscionek-od-Czyngischana\" target=\"_blank\" rel=\"noopener noreferrer\">2014.01.16 \/ Go\u015b\u0107 \u0141owicki &#8211; <em><strong>Pier\u015bcionek od &#8222;Czyngis-chana&#8221;<\/strong><b><\/b><\/em><\/a><\/p>\n<p><a href=\"http:\/\/parafiabobrowniki.lowicz.pl\/?page_id=1533\" target=\"_blank\" rel=\"noopener noreferrer\">2014.01.06 \/ Go\u015b\u0107 \u0141owicki &#8211; <em><strong>Dzielne niewiasty<\/strong><b><\/b><\/em><\/a><\/p>\n<p><a href=\"http:\/\/parafiabobrowniki.\u200blowicz.\u200bpl\/?page_id=1533\" target=\"_blank\" rel=\"noopener noreferrer\">2014.01 \/ Go\u015b\u0107 \u0141owicki &#8211; <em><strong>Dynamiczna droga<\/strong><\/em><\/a><\/p>\n","protected":false},"excerpt":{"rendered":"<p>2017-12-14 \/ Go\u015b\u0107 \u0141owicki &#8211; Proboszcz zosta\u0142 rycerzem 2017-10-22 \/ Go\u015b\u0107\u00a0\u0141owicki &#8211; Jan Pawe\u0142 II przyszed\u0142 w maryjnym pa\u017adzierniku 2017-06-13 \/ Go\u015b\u0107 \u0141owicki &#8211; Powitanie ikony MB Cz\u0119stochowskiej w Bobrownikach [foto] 2017-06-13 \/ Go\u015b\u0107 \u0141owicki &#8211;\u00a0Maryjo, zosta\u0144 z nami&#8230; 2015.11 \/ Go\u015b\u0107 \u0141owicki &#8211; &#8222;Gor\u0105ca czekolada u \u015bw. Faustyny&#8221; &#8211; wycieczka dzieci i m\u0142odzie\u017cy z Bobrownik 2015.11 \/ Go\u015b\u0107 \u0141owicki<\/p>\n","protected":false},"author":1,"featured_media":0,"parent":0,"menu_order":0,"comment_status":"closed","ping_status":"closed","template":"template-fullwidth.php","meta":{"footnotes":""},"class_list":["post-410","page","type-page","status-publish","hentry"],"_links":{"self":[{"href":"https:\/\/parafiabobrowniki.\u200blowicz.\u200bpl\/index.php?rest_route=\/wp\/v2\/pages\/410"}],"collection":[{"href":"https:\/\/parafiabobrowniki.\u200blowicz.\u200bpl\/index.php?rest_route=\/wp\/v2\/pages"}],"about":[{"href":"https:\/\/parafiabobrowniki.\u200blowicz.\u200bpl\/index.php?rest_route=\/wp\/v2\/types\/page"}],"author":[{"embeddable":true,"href":"https:\/\/parafiabobrowniki.\u200blowicz.\u200bpl\/index.php?rest_route=\/wp\/v2\/users\/1"}],"replies":[{"embeddable":true,"href":"https:\/\/parafiabobrowniki.\u200blowicz.\u200bpl\/index.php?rest_route=%2Fwp%2Fv2%2Fcomments&post=410"}],"version-history":[{"count":57,"href":"https:\/\/parafiabobrowniki.\u200blowicz.\u200bpl\/index.php?rest_route=\/wp\/v2\/pages\/410\/revisions"}],"predecessor-version":[{"id":4586,"href":"https:\/\/parafiabobrowniki.\u200blowicz.\u200bpl\/index.php?rest_route=\/wp\/v2\/pages\/410\/revisions\/4586"}],"wp:attachment":[{"href":"https:\/\/parafiabobrowniki.\u200blowicz.\u200bpl\/index.php?rest_route=%2Fwp%2Fv2%2Fmedia&parent=410"}],"curies":[{"name":"wp","href":"https:\/\/api.w.org\/{rel}","templated":true}]}}