{"id":7420,"date":"2023-01-29T10:41:40","date_gmt":"2023-01-29T09:41:40","guid":{"rendered":"https:\/\/parafiabobrowniki.\u200blowicz.\u200bpl\/?page_id=7420"},"modified":"2023-01-29T10:48:32","modified_gmt":"2023-01-29T09:48:32","slug":"kalendarium-przygotowan-do-bierzmowaniarok-2022-2023","status":"publish","type":"page","link":"https:\/\/parafiabobrowniki.\u200blowicz.\u200bpl\/?page_id=7420","title":{"rendered":"Kalendarium przygotowa\u0144 do bierzmowania &#8211;  ROK 2022\/2023"},"content":{"rendered":"\n<p>11 wrze\u015bnia \u2013 spotkanie z Rodzicami i kandydatami<br>13 wrze\u015bnia \u2013 Nabo\u017ce\u0144stwo Fatimskie o godz. 17.00 \u2013 kandydaci odmawiaj\u0105 R\u00f3\u017caniec \u2013 5 dziesi\u0105tek<br>14 wrze\u015bnia \u2013 wyjazd do \u0141owicza. Spotkanie m\u0142odzie\u017cy Diecezji \u0141owickiej zwi\u0105zane z peregrynacj\u0105 relikwii b\u0142. Carlo<br>18 wrze\u015bnia \u2013 \u015awi\u0119to \u015aw. Stanis\u0142awa Kostki, patrona dzieci i m\u0142odzie\u017cy<br>1 pa\u017adziernika \u2013 od godz. 12.00 do 13.00 \u2013 adoracja w kaplicy na plebanii<br><strong>NABO\u017bE\u0143STWA R\u00d3\u017bA\u0143COWE \u2013 w niedziel\u0119 po mszy \u015bw. o godz. 11.00 a w dni powszednie o godz. 17.30 zapraszam kandydat\u00f3w do prowadzenia R\u00f3\u017ca\u0144ca w pi\u0105tki pa\u017adziernika<\/strong><br>13 pa\u017adziernika \u2013 Nabo\u017ce\u0144stwo Fatimskie o godz. 17.00 \u2013 kandydaci odmawiaj\u0105 R\u00f3\u017caniec \u2013 5 dziesi\u0105tek<br>1 listopada \u2013 Uroczysto\u015b\u0107 Wszystkich \u015awi\u0119tych<br>5 listopada \u2013 od godz. 12.00 do 13.00 \u2013 adoracja w kaplicy na plebanii<br>26 listopada \u2013 wyjazd do Wsp\u00f3lnoty Si\u00f3str S\u0142u\u017cebnic Bo\u017cego Mi\u0142osierdzia w Rybnie \u2013 kandydaci i rodzice<br>3 grudnia \u2013 od godz. 12.00 do 13.00 \u2013 adoracja w kaplicy na plebanii<br>8 &#8211; 11 grudnia \u2013 Rekolekcje Adwentowe \u2013 O. Remigiusz Trocki, franciszkanin<br>8 grudnia \u2013 Uroczysto\u015b\u0107 Niepokalanego Pocz\u0119cia N.M.P. \u2013 wr\u0119czenie MEDALIKA<br>17 grudnia \u2013 wyjazd do Specjalnego O\u015brodka Wychowawczego SS. Zmartwychwstanek w Mocarzewie \u2013 \u201epluszaki\u201d<br>25 grudnia \u2013 Uroczysto\u015b\u0107 Bo\u017cego Narodzenia<br>26 grudnia \u2013 II Dzie\u0144 \u015awi\u0105t<br>1 stycznia \u2013 Uroczysto\u015b\u0107 \u015awi\u0119tej Bo\u017cej Rodzicielki<br>6 stycznia \u2013 Uroczysto\u015b\u0107 Objawienia Pa\u0144skiego<br>7 stycznia \u2013 od godz. 12.00 do 13.00 \u2013 adoracja w kaplicy na plebanii<br>8 stycznia \u2013 Niedziela Chrztu Pa\u0144skiego \u2013 Msza \u015bw. o godz. 11.00 \u2013 odnowienie przyrzecze\u0144 chrzcielnych<br>2 lutego \u2013 \u015awi\u0119to Ofiarowania Pa\u0144skiego (Matki Bo\u017cej Gromnicznej) \u2013 Msza \u015bw. o godz. 9.00, 11.00 lub 18.00<br>4 lutego \u2013 od godz. 12.00 do 13.00 \u2013 adoracja w kaplicy na plebanii<br>22 lutego \u2013 \u015aroda Popielcowa \u2013 Msza \u015bw. o godz. 9.00, 11.00 lub 18.00<br><strong>DROGA KRZY\u017bOWA \u2013 w pi\u0105tki o godz. 17.15; GORZKIE \u017bALE \u2013 w niedziele po mszy \u015bw. o godz. 11.00<br>prosz\u0119, aby kandydaci prowadzili Drog\u0119 Krzy\u017cow\u0105 wg miejsca zamieszkania<\/strong><br>4 marca \u2013 od godz. 12.00 do 13.00 \u2013 adoracja w kaplicy na plebanii<br>5, 12, 19 marca \u2013 spotkania z Rodzicami i egzamin kandydata<br>12 \u2013 15 marca \u2013 Rekolekcje Wielkopostne<br>1 kwietnia \u2013 od godz. 12.00 do 13.00 \u2013 adoracja w kaplicy na plebanii<br>2 kwietnia \u2013 Niedziela Palmowa<br>6 kwietnia \u2013 Liturgia Wielkiego Czwartku \u2013 o godz.18.00<br>7 kwietnia \u2013 Liturgia Godzin \u2013 w ko\u015bciele o godz. 9.00; Liturgia Wielkiego Pi\u0105tku \u2013 o godz.18.00<br>8 kwietnia \u2013 Liturgia Godzin \u2013 w ko\u015bciele o godz. 9.00; Liturgia Wigilii Paschalnej \u2013 godz. 20.00<br>9 kwietnia \u2013 Uroczysto\u015b\u0107 Zmartwychwstania Pa\u0144skiego<br>10 kwietnia \u2013 Poniedzia\u0142ek Wielkanocny \u2013 II Dzie\u0144 \u015awi\u0105t<br>16 kwietnia \u2013 \u015awi\u0119to Mi\u0142osierdzia Bo\u017cego<br>29 kwietnia \u2013 wyjazd na XIX spotkanie powo\u0142aniowe do Skierniewic \u2013 par. Niepokalanego Serca NMP<br><strong>NABO\u017bE\u0143STWA MAJOWE \u2013 codziennie po Mszy \u015bw. o godz. 18.00<\/strong><br>3 maja \u2013 Uroczysto\u015b\u0107 NMP Kr\u00f3lowej Polski \u2013 Msza \u015bw. o godz. 11.00<br>6 maja \u2013 od godz. 12.00 do 13.00 \u2013 adoracja w kaplicy na plebanii<br>13 maja \u2013 Nabo\u017ce\u0144stwo Fatimskie o godz. 19.00 \u2013 kandydaci odmawiaj\u0105 R\u00f3\u017caniec \u2013 5 dziesi\u0105tek<br>21 maja \u2013 Uroczysto\u015b\u0107 Wniebowst\u0105pienia Pa\u0144skiego<br>15 \u2013 19 maja &#8211; spotkania liturgiczne w ko\u015bciele na mszy \u015bw. wieczornej o godz. 18.00<br>20 maja \u2013 pielgrzymka do Cz\u0119stochowy<br>22 \u2013 26 maja \u2013 spowied\u017a kandydat\u00f3w, \u015bwiadk\u00f3w bierzmowania i rodzic\u00f3w w godzinach: 17.00 \u2013 18.00<br><strong>27 maja \u2013 UROCZYSTO\u015a\u0106 BIERZMOWANIA<\/strong> w Wigili\u0119 Zes\u0142ania Ducha \u015awi\u0119tego o godz. 20.00<br>28 maja \u2013 Uroczysto\u015b\u0107 Zes\u0142ania Ducha \u015awi\u0119tego<br><strong>NABO\u017bE\u0143STWA CZERWCOWE \u2013 codziennie po Mszy \u015bw. o godz. 18.00<\/strong><br>4 czerwca \u2013 Uroczysto\u015b\u0107 Tr\u00f3jcy Przenaj\u015bwi\u0119tszej<br>8 czerwca \u2013 Uroczysto\u015b\u0107 Bo\u017cego Cia\u0142a<\/p>\n\n\n\n<br>\n\n\n\n<p><strong>Tel. w sprawie usprawiedliwienia nieobecno\u015bci dziecka na Mszy \u015bw. niedzielnej \u2013 501 229 701<br><br>Dy\u017cury liturgiczne: pa\u017adziernik, grudzie\u0144, luty, kwiecie\u0144.<br><br>Prosz\u0119 o wykonanie dekoracji \u015bwi\u0105tecznej na Bo\u017ce Narodzenie.<br><br>Egzaminy b\u0119d\u0105 odbywa\u0142y si\u0119 w niedziele Wielkiego Postu.<\/strong><\/p>\n","protected":false},"excerpt":{"rendered":"<p>11 wrze\u015bnia \u2013 spotkanie z Rodzicami i kandydatami13 wrze\u015bnia \u2013 Nabo\u017ce\u0144stwo Fatimskie o godz. 17.00 \u2013 kandydaci odmawiaj\u0105 R\u00f3\u017caniec \u2013 5 dziesi\u0105tek14 wrze\u015bnia \u2013 wyjazd do \u0141owicza. Spotkanie m\u0142odzie\u017cy Diecezji \u0141owickiej zwi\u0105zane z peregrynacj\u0105 relikwii b\u0142. Carlo18 wrze\u015bnia \u2013 \u015awi\u0119to \u015aw. Stanis\u0142awa Kostki, patrona dzieci i m\u0142odzie\u017cy1 pa\u017adziernika \u2013 od godz. 12.00 do 13.00 \u2013 adoracja w kaplicy na plebaniiNABO\u017bE\u0143STWA<\/p>\n","protected":false},"author":1,"featured_media":0,"parent":0,"menu_order":0,"comment_status":"closed","ping_status":"closed","template":"","meta":{"footnotes":""},"class_list":["post-7420","page","type-page","status-publish","hentry"],"_links":{"self":[{"href":"https:\/\/parafiabobrowniki.\u200blowicz.\u200bpl\/index.php?rest_route=\/wp\/v2\/pages\/7420"}],"collection":[{"href":"https:\/\/parafiabobrowniki.\u200blowicz.\u200bpl\/index.php?rest_route=\/wp\/v2\/pages"}],"about":[{"href":"https:\/\/parafiabobrowniki.\u200blowicz.\u200bpl\/index.php?rest_route=\/wp\/v2\/types\/page"}],"author":[{"embeddable":true,"href":"https:\/\/parafiabobrowniki.\u200blowicz.\u200bpl\/index.php?rest_route=\/wp\/v2\/users\/1"}],"replies":[{"embeddable":true,"href":"https:\/\/parafiabobrowniki.\u200blowicz.\u200bpl\/index.php?rest_route=%2Fwp%2Fv2%2Fcomments&post=7420"}],"version-history":[{"count":4,"href":"https:\/\/parafiabobrowniki.\u200blowicz.\u200bpl\/index.php?rest_route=\/wp\/v2\/pages\/7420\/revisions"}],"predecessor-version":[{"id":7425,"href":"https:\/\/parafiabobrowniki.\u200blowicz.\u200bpl\/index.php?rest_route=\/wp\/v2\/pages\/7420\/revisions\/7425"}],"wp:attachment":[{"href":"https:\/\/parafiabobrowniki.\u200blowicz.\u200bpl\/index.php?rest_route=%2Fwp%2Fv2%2Fmedia&parent=7420"}],"curies":[{"name":"wp","href":"https:\/\/api.w.org\/{rel}","templated":true}]}}